{"id":459,"date":"2026-04-18T17:14:48","date_gmt":"2026-04-18T14:14:48","guid":{"rendered":"https:\/\/bssguvenlik.com.tr\/?page_id=459"},"modified":"2026-04-21T15:46:10","modified_gmt":"2026-04-21T12:46:10","slug":"gizli-kamera-detektoru","status":"publish","type":"page","link":"https:\/\/bssguvenlik.com.tr\/en\/gizli-kamera-detektoru\/","title":{"rendered":"Hidden Camera Detector"},"content":{"rendered":"\t\t<div data-elementor-type=\"wp-page\" data-elementor-id=\"459\" class=\"elementor elementor-459\">\n\t\t\t\t\t\t\t\t\t<section class=\"elementor-section elementor-top-section elementor-element elementor-element-4de91e5 elementor-section-boxed elementor-section-height-default elementor-section-height-default\" data-id=\"4de91e5\" data-element_type=\"section\">\n\t\t\t\t\t\t<div class=\"elementor-container elementor-column-gap-default\">\n\t\t\t\t\t<div class=\"elementor-column elementor-col-50 elementor-top-column elementor-element elementor-element-69d9205\" data-id=\"69d9205\" data-element_type=\"column\">\n\t\t\t<div class=\"elementor-widget-wrap elementor-element-populated\">\n\t\t\t\t\t\t\t\t<div class=\"elementor-element elementor-element-7fb147b elementor-widget elementor-widget-image\" data-id=\"7fb147b\" data-element_type=\"widget\" data-widget_type=\"image.default\">\n\t\t\t\t<div class=\"elementor-widget-container\">\n\t\t\t<style>\/*! elementor - v3.6.5 - 27-04-2022 *\/\n.elementor-widget-image{text-align:center}.elementor-widget-image a{display:inline-block}.elementor-widget-image a img[src$=\".svg\"]{width:48px}.elementor-widget-image img{vertical-align:middle;display:inline-block}<\/style>\t\t\t\t\t\t\t\t\t\t\t\t<img loading=\"lazy\" decoding=\"async\" width=\"800\" height=\"605\" src=\"https:\/\/bssguvenlik.com.tr\/wp-content\/uploads\/2026\/04\/spyfinder-gizli-kamera-bulucu-1024x774.jpg\" class=\"attachment-large size-large\" alt=\"\" srcset=\"https:\/\/bssguvenlik.com.tr\/wp-content\/uploads\/2026\/04\/spyfinder-gizli-kamera-bulucu-1024x774.jpg 1024w, https:\/\/bssguvenlik.com.tr\/wp-content\/uploads\/2026\/04\/spyfinder-gizli-kamera-bulucu-300x227.jpg 300w, https:\/\/bssguvenlik.com.tr\/wp-content\/uploads\/2026\/04\/spyfinder-gizli-kamera-bulucu-768x581.jpg 768w, https:\/\/bssguvenlik.com.tr\/wp-content\/uploads\/2026\/04\/spyfinder-gizli-kamera-bulucu.jpg 1280w\" sizes=\"auto, (max-width: 800px) 100vw, 800px\" \/>\t\t\t\t\t\t\t\t\t\t\t\t\t\t\t<\/div>\n\t\t\t\t<\/div>\n\t\t\t\t<div class=\"elementor-element elementor-element-0720022 elementor-widget elementor-widget-heading\" data-id=\"0720022\" data-element_type=\"widget\" data-widget_type=\"heading.default\">\n\t\t\t\t<div class=\"elementor-widget-container\">\n\t\t\t<style>\/*! elementor - v3.6.5 - 27-04-2022 *\/\n.elementor-heading-title{padding:0;margin:0;line-height:1}.elementor-widget-heading .elementor-heading-title[class*=elementor-size-]>a{color:inherit;font-size:inherit;line-height:inherit}.elementor-widget-heading .elementor-heading-title.elementor-size-small{font-size:15px}.elementor-widget-heading .elementor-heading-title.elementor-size-medium{font-size:19px}.elementor-widget-heading .elementor-heading-title.elementor-size-large{font-size:29px}.elementor-widget-heading .elementor-heading-title.elementor-size-xl{font-size:39px}.elementor-widget-heading .elementor-heading-title.elementor-size-xxl{font-size:59px}<\/style><h2 class=\"elementor-heading-title elementor-size-default\">\u00dcr\u00fcn Bilgileri<\/h2>\t\t<\/div>\n\t\t\t\t<\/div>\n\t\t\t\t<div class=\"elementor-element elementor-element-935563a elementor-widget elementor-widget-text-editor\" data-id=\"935563a\" data-element_type=\"widget\" data-widget_type=\"text-editor.default\">\n\t\t\t\t<div class=\"elementor-widget-container\">\n\t\t\t<style>\/*! elementor - v3.6.5 - 27-04-2022 *\/\n.elementor-widget-text-editor.elementor-drop-cap-view-stacked .elementor-drop-cap{background-color:#818a91;color:#fff}.elementor-widget-text-editor.elementor-drop-cap-view-framed .elementor-drop-cap{color:#818a91;border:3px solid;background-color:transparent}.elementor-widget-text-editor:not(.elementor-drop-cap-view-default) .elementor-drop-cap{margin-top:8px}.elementor-widget-text-editor:not(.elementor-drop-cap-view-default) .elementor-drop-cap-letter{width:1em;height:1em}.elementor-widget-text-editor .elementor-drop-cap{float:left;text-align:center;line-height:1;font-size:50px}.elementor-widget-text-editor .elementor-drop-cap-letter{display:inline-block}<\/style>\t\t\t\t<p>G\u00fcn\u00fcm\u00fczde gizli kameralar\u0131n ne kadar k\u00fc\u00e7\u00fck oldu\u011funa inanamayacaks\u0131n\u0131z. Genellikle bir i\u011fne deli\u011finden daha b\u00fcy\u00fck olmayan bu minik casus kameralar, saatler, g\u00f6zl\u00fckler, lambalar, resim \u00e7er\u00e7eveleri, USB \u015farj cihazlar\u0131, anahtarl\u0131klar, masa\u00fcst\u00fc vantilat\u00f6rler, prizler, duman dedekt\u00f6rleri, DVD oynat\u0131c\u0131lar, sahte su \u015fi\u015feleri, oda kokular\u0131 ve daha bir\u00e7ok g\u00fcnl\u00fck nesnenin i\u00e7ine gizlenmi\u015ftir. Bu minik kameralar genellikle geli\u015fmi\u015f kay\u0131t ve uzaktan yay\u0131n \u00f6zellikleriyle donat\u0131lm\u0131\u015ft\u0131r; bu da yetkisiz ki\u015filerin aktivitenizi izlemesine ve kaydetmesine olanak tan\u0131r ve bir\u00e7ok durumda, ele ge\u00e7irilen aktivitenizi kullanarak para talep eder veya g\u00f6r\u00fcnt\u00fcleri kamuoyuna yaymakla tehdit ederler.<\/p><p>Haberler, Airbnb, gemi turlar\u0131, oteller, soyunma odalar\u0131, apartmanlar ve insanlar\u0131n g\u00fcvenli oldu\u011funu d\u00fc\u015f\u00fcnd\u00fc\u011f\u00fc bir\u00e7ok ba\u015fka yerde gizli kameralar yerle\u015ftiren dijital r\u00f6ntgenciler taraf\u0131ndan mahremiyetlerinin yok edilmesinden deh\u015fete d\u00fc\u015fm\u00fc\u015f masum insanlarla ilgili haberlerle dolu. \u015eimdiye kadar, masum insanlar\u0131n mahremiyetlerinin ihlal edildi\u011fini \u00e7ok ge\u00e7 olana kadar bilmelerinin bir yolu yoktu. \u015eimdi SpyFinder\u00ae PRO ile gezginler, yeni yerlere vard\u0131klar\u0131nda merakl\u0131 g\u00f6zlerden g\u00fcvende hissedebilirler.<\/p>\t\t\t\t\t\t<\/div>\n\t\t\t\t<\/div>\n\t\t\t\t<div class=\"elementor-element elementor-element-248caff elementor-widget elementor-widget-heading\" data-id=\"248caff\" data-element_type=\"widget\" data-widget_type=\"heading.default\">\n\t\t\t\t<div class=\"elementor-widget-container\">\n\t\t\t<h2 class=\"elementor-heading-title elementor-size-default\">Saniyeler \u0130\u00e7inde G\u00fcvende Olup Olmad\u0131\u011f\u0131n\u0131z\u0131 \u00d6\u011freneceksiniz<\/h2>\t\t<\/div>\n\t\t\t\t<\/div>\n\t\t\t\t<div class=\"elementor-element elementor-element-55169b2 elementor-widget elementor-widget-text-editor\" data-id=\"55169b2\" data-element_type=\"widget\" data-widget_type=\"text-editor.default\">\n\t\t\t\t<div class=\"elementor-widget-container\">\n\t\t\t\t\t\t\t<p>Cihaz\u0131n yan taraf\u0131ndaki g\u00fc\u00e7 d\u00fc\u011fmesine bas\u0131ld\u0131\u011f\u0131nda ve viz\u00f6rden bakt\u0131\u011f\u0131n\u0131zda, en k\u00fc\u00e7\u00fck kamera lenslerinden yans\u0131yacak \u015fekilde tasarlanm\u0131\u015f alt\u0131 \u00f6zel parlak k\u0131rm\u0131z\u0131 LED fla\u015f \u0131\u015f\u0131\u011f\u0131 etkinle\u015fir. K\u00fc\u00e7\u00fck kamera lensi, kamera lensinin kendisinden yans\u0131yan bir \u0131\u015f\u0131k gibi yan\u0131p s\u00f6nerek size do\u011fru g\u00f6r\u00fcn\u00fcr ve \u00e7evrenizi tararken konumunu an\u0131nda belli eder. Kamera a\u00e7\u0131k veya kapal\u0131, kay\u0131t yap\u0131yor veya yapm\u0131yor olmas\u0131 fark etmez&#8230; hatta \u00e7al\u0131\u015fmayan bir kamera bile olsa, yan\u0131p s\u00f6nme efekti, \u00e7\u0131plak g\u00f6zle tespit edilmesi neredeyse imkans\u0131z olan bir kamera lensinin varl\u0131\u011f\u0131n\u0131 a\u00e7\u0131k\u00e7a g\u00f6sterecektir. Kameran\u0131n nerede oldu\u011funu bilmek, yetkisiz kay\u0131t yap\u0131lmas\u0131n\u0131 \u00f6nlemek i\u00e7in hemen harekete ge\u00e7menizi sa\u011flayacakt\u0131r. Ayr\u0131ca, farkl\u0131 y\u00fczeylerin arkas\u0131na gizlenmi\u015f olabilecek kamera lenslerini bulmaya yard\u0131mc\u0131 olan 3 LED yo\u011funluk seviyesi vard\u0131r. 9 metre uzaktaki d\u00fcz bir duvar en y\u00fcksek LED yo\u011funlu\u011funu kullan\u0131rken, 1,5 metre uzaktaki yar\u0131 yans\u0131t\u0131c\u0131 parlak bir y\u00fczey en d\u00fc\u015f\u00fck yo\u011funlu\u011fu kullan\u0131r. Bu, yanl\u0131\u015f yans\u0131malar\u0131 \u00f6nleyerek, herhangi bir oda ortam\u0131nda gizli bir kamera lensini bulma yetene\u011fini en \u00fcst d\u00fczeye \u00e7\u0131kar\u0131r.<\/p>\t\t\t\t\t\t<\/div>\n\t\t\t\t<\/div>\n\t\t\t\t<div class=\"elementor-element elementor-element-8ea440f elementor-widget elementor-widget-image\" data-id=\"8ea440f\" data-element_type=\"widget\" data-widget_type=\"image.default\">\n\t\t\t\t<div class=\"elementor-widget-container\">\n\t\t\t\t\t\t\t\t\t\t\t\t\t\t\t<img loading=\"lazy\" decoding=\"async\" width=\"800\" height=\"209\" src=\"https:\/\/bssguvenlik.com.tr\/wp-content\/uploads\/2026\/04\/find-hidden-camera-steps-1024x268.jpg\" class=\"attachment-large size-large\" alt=\"\" srcset=\"https:\/\/bssguvenlik.com.tr\/wp-content\/uploads\/2026\/04\/find-hidden-camera-steps-1024x268.jpg 1024w, https:\/\/bssguvenlik.com.tr\/wp-content\/uploads\/2026\/04\/find-hidden-camera-steps-300x79.jpg 300w, https:\/\/bssguvenlik.com.tr\/wp-content\/uploads\/2026\/04\/find-hidden-camera-steps-768x201.jpg 768w, https:\/\/bssguvenlik.com.tr\/wp-content\/uploads\/2026\/04\/find-hidden-camera-steps-1536x402.jpg 1536w, https:\/\/bssguvenlik.com.tr\/wp-content\/uploads\/2026\/04\/find-hidden-camera-steps.jpg 1901w\" sizes=\"auto, (max-width: 800px) 100vw, 800px\" \/>\t\t\t\t\t\t\t\t\t\t\t\t\t\t\t<\/div>\n\t\t\t\t<\/div>\n\t\t\t\t\t<\/div>\n\t\t<\/div>\n\t\t\t\t<div class=\"elementor-column elementor-col-50 elementor-top-column elementor-element elementor-element-d81dcf6\" data-id=\"d81dcf6\" data-element_type=\"column\">\n\t\t\t<div class=\"elementor-widget-wrap elementor-element-populated\">\n\t\t\t\t\t\t\t\t<div class=\"elementor-element elementor-element-d69effd elementor-widget elementor-widget-heading\" data-id=\"d69effd\" data-element_type=\"widget\" data-widget_type=\"heading.default\">\n\t\t\t\t<div class=\"elementor-widget-container\">\n\t\t\t<h2 class=\"elementor-heading-title elementor-size-default\">Ba\u015fl\u0131ca \u00d6zellikler<\/h2>\t\t<\/div>\n\t\t\t\t<\/div>\n\t\t\t\t<div class=\"elementor-element elementor-element-406515d elementor-widget elementor-widget-text-editor\" data-id=\"406515d\" data-element_type=\"widget\" data-widget_type=\"text-editor.default\">\n\t\t\t\t<div class=\"elementor-widget-container\">\n\t\t\t\t\t\t\t<ul><li>T\u00fcm gizli kamera lenslerini bulun<\/li><li>H\u0131zl\u0131 ve Do\u011fru<\/li><li>Kullan\u0131m\u0131 Kolay<\/li><li>Kablosuz ve kablolu kameralar\u0131 bulur<\/li><li>Dijital veya analog kameralar\u0131 bulur<\/li><li>CCD, CMOS, CCTV, Bal\u0131k G\u00f6z\u00fc kameralar\u0131 bulur<\/li><li>Kameralar\u0131 A\u00e7\u0131k veya Kapal\u0131 bulur<\/li><li>\u00c7al\u0131\u015f\u0131r veya \u00c7al\u0131\u015fmaz durumda olanlar\u0131 bulur<\/li><li>45 metreye kadar alg\u0131lama yapar<\/li><li>3 LED Yo\u011funluk Seviyesi<br \/>Ta\u015f\u0131nabilir. Her cebe s\u0131\u011far<\/li><\/ul>\t\t\t\t\t\t<\/div>\n\t\t\t\t<\/div>\n\t\t\t\t<div class=\"elementor-element elementor-element-6bf8788 elementor-widget elementor-widget-heading\" data-id=\"6bf8788\" data-element_type=\"widget\" data-widget_type=\"heading.default\">\n\t\t\t\t<div class=\"elementor-widget-container\">\n\t\t\t<h2 class=\"elementor-heading-title elementor-size-default\">Genel Detaylar<\/h2>\t\t<\/div>\n\t\t\t\t<\/div>\n\t\t\t\t<div class=\"elementor-element elementor-element-39eaaa4 elementor-widget elementor-widget-text-editor\" data-id=\"39eaaa4\" data-element_type=\"widget\" data-widget_type=\"text-editor.default\">\n\t\t\t\t<div class=\"elementor-widget-container\">\n\t\t\t\t\t\t\t<p>G\u00fcn\u00fcm\u00fczde gizli kameralar\u0131n ne kadar k\u00fc\u00e7\u00fck oldu\u011funa inanamayacaks\u0131n\u0131z. Genellikle bir i\u011fne deli\u011finden daha b\u00fcy\u00fck olmayan bu minik casus kameralar, saatler, g\u00f6zl\u00fckler, lambalar, resim \u00e7er\u00e7eveleri, USB \u015farj cihazlar\u0131, anahtarl\u0131klar, masa\u00fcst\u00fc vantilat\u00f6rler, prizler, duman dedekt\u00f6rleri, DVD oynat\u0131c\u0131lar, sahte su \u015fi\u015feleri, oda kokular\u0131 ve daha bir\u00e7ok g\u00fcnl\u00fck nesnenin i\u00e7ine gizlenmi\u015ftir. Bu minik kameralar genellikle geli\u015fmi\u015f kay\u0131t ve uzaktan yay\u0131n \u00f6zellikleriyle donat\u0131lm\u0131\u015ft\u0131r; bu da yetkisiz ki\u015filerin faaliyetlerinizi izlemesine ve kaydetmesine olanak tan\u0131r ve bir\u00e7ok durumda, ele ge\u00e7irilen faaliyetlerinizi kullanarak para talep eder veya g\u00f6r\u00fcnt\u00fcleri kamuoyuna yaymakla tehdit ederler.<\/p><ul><li>Soyunma odalar\u0131<\/li><li>Oteller, VRBO ve Airbnb M\u00fclkleri<\/li><li>Tatil Evleri<\/li><li>Yatak Odalar\u0131<\/li><li>Genel Banyolar<\/li><li>Spor Salonlar\u0131 \/ Soyunma Odalar\u0131<\/li><li>Ofisler<\/li><li>Daireler<\/li><\/ul><p><br \/>SpyFinder\u00ae PRO, ses kay\u0131t cihazlar\u0131n\u0131, GPS takip cihazlar\u0131n\u0131, kendi kendini kaydeden cihazlar\u0131 veya alarmlar\u0131 bulamaz. Bu cihaz SADECE sizi g\u00f6zetleyen gizli kamera lenslerini bulabilir.<\/p>\t\t\t\t\t\t<\/div>\n\t\t\t\t<\/div>\n\t\t\t\t<div class=\"elementor-element elementor-element-99bf11d elementor-aspect-ratio-169 elementor-widget elementor-widget-video\" data-id=\"99bf11d\" data-element_type=\"widget\" data-settings=\"{&quot;youtube_url&quot;:&quot;https:\\\/\\\/www.youtube.com\\\/watch?v=Ip8OjYkPpaM&amp;t=2s&quot;,&quot;modestbranding&quot;:&quot;yes&quot;,&quot;video_type&quot;:&quot;youtube&quot;,&quot;controls&quot;:&quot;yes&quot;,&quot;aspect_ratio&quot;:&quot;169&quot;}\" data-widget_type=\"video.default\">\n\t\t\t\t<div class=\"elementor-widget-container\">\n\t\t\t<style>\/*! elementor - v3.6.5 - 27-04-2022 *\/\n.elementor-widget-video .elementor-widget-container{overflow:hidden;-webkit-transform:translateZ(0);transform:translateZ(0)}.elementor-widget-video .elementor-open-inline .elementor-custom-embed-image-overlay{position:absolute;top:0;left:0;width:100%;height:100%;background-size:cover;background-position:50%}.elementor-widget-video .elementor-custom-embed-image-overlay{cursor:pointer;text-align:center}.elementor-widget-video .elementor-custom-embed-image-overlay:hover .elementor-custom-embed-play i{opacity:1}.elementor-widget-video .elementor-custom-embed-image-overlay img{display:block;width:100%}.elementor-widget-video .e-hosted-video .elementor-video{-o-object-fit:cover;object-fit:cover}<\/style>\t\t<div class=\"elementor-wrapper elementor-fit-aspect-ratio elementor-open-inline\">\n\t\t\t<div class=\"elementor-video\"><\/div>\t\t<\/div>\n\t\t\t\t<\/div>\n\t\t\t\t<\/div>\n\t\t\t\t\t<\/div>\n\t\t<\/div>\n\t\t\t\t\t\t\t<\/div>\n\t\t<\/section>\n\t\t\t\t\t\t\t<\/div>\n\t\t","protected":false},"excerpt":{"rendered":"<p>\u00dcr\u00fcn Bilgileri G\u00fcn\u00fcm\u00fczde gizli kameralar\u0131n ne kadar k\u00fc\u00e7\u00fck oldu\u011funa inanamayacaks\u0131n\u0131z. Genellikle bir i\u011fne deli\u011finden daha b\u00fcy\u00fck olmayan bu minik casus kameralar, saatler, g\u00f6zl\u00fckler, lambalar, resim \u00e7er\u00e7eveleri, USB \u015farj cihazlar\u0131, anahtarl\u0131klar, masa\u00fcst\u00fc vantilat\u00f6rler, prizler, duman dedekt\u00f6rleri, DVD oynat\u0131c\u0131lar, sahte su \u015fi\u015feleri, oda kokular\u0131 ve daha bir\u00e7ok g\u00fcnl\u00fck nesnenin i\u00e7ine gizlenmi\u015ftir. Bu minik kameralar genellikle geli\u015fmi\u015f kay\u0131t [&hellip;]<\/p>\n","protected":false},"author":2,"featured_media":1161,"parent":0,"menu_order":0,"comment_status":"closed","ping_status":"closed","template":"","meta":{"_joinchat":[],"footnotes":""},"class_list":["post-459","page","type-page","status-publish","has-post-thumbnail","hentry"],"yoast_head":"<!-- This site is optimized with the Yoast SEO plugin v27.4 - https:\/\/yoast.com\/product\/yoast-seo-wordpress\/ -->\n<title>Gizli Kamera Detekt\u00f6r\u00fc - BSS G\u00fcvenlik Sistemleri<\/title>\n<meta name=\"robots\" content=\"index, follow, max-snippet:-1, max-image-preview:large, max-video-preview:-1\" \/>\n<link rel=\"canonical\" href=\"https:\/\/bssguvenlik.com.tr\/en\/gizli-kamera-detektoru\/\" \/>\n<meta property=\"og:locale\" content=\"en_GB\" \/>\n<meta property=\"og:type\" content=\"article\" \/>\n<meta property=\"og:title\" content=\"Gizli Kamera Detekt\u00f6r\u00fc - BSS G\u00fcvenlik Sistemleri\" \/>\n<meta property=\"og:description\" content=\"\u00dcr\u00fcn Bilgileri G\u00fcn\u00fcm\u00fczde gizli kameralar\u0131n ne kadar k\u00fc\u00e7\u00fck oldu\u011funa inanamayacaks\u0131n\u0131z. Genellikle bir i\u011fne deli\u011finden daha b\u00fcy\u00fck olmayan bu minik casus kameralar, saatler, g\u00f6zl\u00fckler, lambalar, resim \u00e7er\u00e7eveleri, USB \u015farj cihazlar\u0131, anahtarl\u0131klar, masa\u00fcst\u00fc vantilat\u00f6rler, prizler, duman dedekt\u00f6rleri, DVD oynat\u0131c\u0131lar, sahte su \u015fi\u015feleri, oda kokular\u0131 ve daha bir\u00e7ok g\u00fcnl\u00fck nesnenin i\u00e7ine gizlenmi\u015ftir. Bu minik kameralar genellikle geli\u015fmi\u015f kay\u0131t [&hellip;]\" \/>\n<meta property=\"og:url\" content=\"https:\/\/bssguvenlik.com.tr\/en\/gizli-kamera-detektoru\/\" \/>\n<meta property=\"og:site_name\" content=\"BSS G\u00fcvenlik Sistemleri\" \/>\n<meta property=\"article:modified_time\" content=\"2026-04-21T12:46:10+00:00\" \/>\n<meta property=\"og:image\" content=\"https:\/\/bssguvenlik.com.tr\/wp-content\/uploads\/2026\/04\/spyfinder-gizli-kamera-bulucu.jpg\" \/>\n\t<meta property=\"og:image:width\" content=\"1280\" \/>\n\t<meta property=\"og:image:height\" content=\"968\" \/>\n\t<meta property=\"og:image:type\" content=\"image\/jpeg\" \/>\n<meta name=\"twitter:card\" content=\"summary_large_image\" \/>\n<meta name=\"twitter:label1\" content=\"Est. reading time\" \/>\n\t<meta name=\"twitter:data1\" content=\"4 minutes\" \/>\n<script type=\"application\/ld+json\" class=\"yoast-schema-graph\">{\"@context\":\"https:\\\/\\\/schema.org\",\"@graph\":[{\"@type\":\"WebPage\",\"@id\":\"https:\\\/\\\/bssguvenlik.com.tr\\\/gizli-kamera-detektoru\\\/\",\"url\":\"https:\\\/\\\/bssguvenlik.com.tr\\\/gizli-kamera-detektoru\\\/\",\"name\":\"Gizli Kamera Detekt\u00f6r\u00fc - BSS G\u00fcvenlik Sistemleri\",\"isPartOf\":{\"@id\":\"https:\\\/\\\/bssguvenlik.com.tr\\\/#website\"},\"primaryImageOfPage\":{\"@id\":\"https:\\\/\\\/bssguvenlik.com.tr\\\/gizli-kamera-detektoru\\\/#primaryimage\"},\"image\":{\"@id\":\"https:\\\/\\\/bssguvenlik.com.tr\\\/gizli-kamera-detektoru\\\/#primaryimage\"},\"thumbnailUrl\":\"https:\\\/\\\/bssguvenlik.com.tr\\\/wp-content\\\/uploads\\\/2026\\\/04\\\/spyfinder-gizli-kamera-bulucu.jpg\",\"datePublished\":\"2026-04-18T14:14:48+00:00\",\"dateModified\":\"2026-04-21T12:46:10+00:00\",\"breadcrumb\":{\"@id\":\"https:\\\/\\\/bssguvenlik.com.tr\\\/gizli-kamera-detektoru\\\/#breadcrumb\"},\"inLanguage\":\"en-GB\",\"potentialAction\":[{\"@type\":\"ReadAction\",\"target\":[\"https:\\\/\\\/bssguvenlik.com.tr\\\/gizli-kamera-detektoru\\\/\"]}]},{\"@type\":\"ImageObject\",\"inLanguage\":\"en-GB\",\"@id\":\"https:\\\/\\\/bssguvenlik.com.tr\\\/gizli-kamera-detektoru\\\/#primaryimage\",\"url\":\"https:\\\/\\\/bssguvenlik.com.tr\\\/wp-content\\\/uploads\\\/2026\\\/04\\\/spyfinder-gizli-kamera-bulucu.jpg\",\"contentUrl\":\"https:\\\/\\\/bssguvenlik.com.tr\\\/wp-content\\\/uploads\\\/2026\\\/04\\\/spyfinder-gizli-kamera-bulucu.jpg\",\"width\":1280,\"height\":968},{\"@type\":\"BreadcrumbList\",\"@id\":\"https:\\\/\\\/bssguvenlik.com.tr\\\/gizli-kamera-detektoru\\\/#breadcrumb\",\"itemListElement\":[{\"@type\":\"ListItem\",\"position\":1,\"name\":\"Anasayfa\",\"item\":\"https:\\\/\\\/bssguvenlik.com.tr\\\/\"},{\"@type\":\"ListItem\",\"position\":2,\"name\":\"Gizli Kamera Detekt\u00f6r\u00fc\"}]},{\"@type\":\"WebSite\",\"@id\":\"https:\\\/\\\/bssguvenlik.com.tr\\\/#website\",\"url\":\"https:\\\/\\\/bssguvenlik.com.tr\\\/\",\"name\":\"BSS G\u00fcvenlik Sistemleri\",\"description\":\"X-Ray Cihazlar\u0131, Metal Kap\u0131 Dedekt\u00f6rleri, Ara\u00e7 Tarama Cihazlar\u0131\",\"publisher\":{\"@id\":\"https:\\\/\\\/bssguvenlik.com.tr\\\/#organization\"},\"potentialAction\":[{\"@type\":\"SearchAction\",\"target\":{\"@type\":\"EntryPoint\",\"urlTemplate\":\"https:\\\/\\\/bssguvenlik.com.tr\\\/?s={search_term_string}\"},\"query-input\":{\"@type\":\"PropertyValueSpecification\",\"valueRequired\":true,\"valueName\":\"search_term_string\"}}],\"inLanguage\":\"en-GB\"},{\"@type\":\"Organization\",\"@id\":\"https:\\\/\\\/bssguvenlik.com.tr\\\/#organization\",\"name\":\"BSS G\u00fcvenlik Sistemleri\",\"url\":\"https:\\\/\\\/bssguvenlik.com.tr\\\/\",\"logo\":{\"@type\":\"ImageObject\",\"inLanguage\":\"en-GB\",\"@id\":\"https:\\\/\\\/bssguvenlik.com.tr\\\/#\\\/schema\\\/logo\\\/image\\\/\",\"url\":\"https:\\\/\\\/bssguvenlik.com.tr\\\/wp-content\\\/uploads\\\/2026\\\/03\\\/logo-turuncu.png\",\"contentUrl\":\"https:\\\/\\\/bssguvenlik.com.tr\\\/wp-content\\\/uploads\\\/2026\\\/03\\\/logo-turuncu.png\",\"width\":388,\"height\":238,\"caption\":\"BSS G\u00fcvenlik Sistemleri\"},\"image\":{\"@id\":\"https:\\\/\\\/bssguvenlik.com.tr\\\/#\\\/schema\\\/logo\\\/image\\\/\"}}]}<\/script>\n<!-- \/ Yoast SEO plugin. -->","yoast_head_json":{"title":"Gizli Kamera Detekt\u00f6r\u00fc - BSS G\u00fcvenlik Sistemleri","robots":{"index":"index","follow":"follow","max-snippet":"max-snippet:-1","max-image-preview":"max-image-preview:large","max-video-preview":"max-video-preview:-1"},"canonical":"https:\/\/bssguvenlik.com.tr\/en\/gizli-kamera-detektoru\/","og_locale":"en_GB","og_type":"article","og_title":"Gizli Kamera Detekt\u00f6r\u00fc - BSS G\u00fcvenlik Sistemleri","og_description":"\u00dcr\u00fcn Bilgileri G\u00fcn\u00fcm\u00fczde gizli kameralar\u0131n ne kadar k\u00fc\u00e7\u00fck oldu\u011funa inanamayacaks\u0131n\u0131z. Genellikle bir i\u011fne deli\u011finden daha b\u00fcy\u00fck olmayan bu minik casus kameralar, saatler, g\u00f6zl\u00fckler, lambalar, resim \u00e7er\u00e7eveleri, USB \u015farj cihazlar\u0131, anahtarl\u0131klar, masa\u00fcst\u00fc vantilat\u00f6rler, prizler, duman dedekt\u00f6rleri, DVD oynat\u0131c\u0131lar, sahte su \u015fi\u015feleri, oda kokular\u0131 ve daha bir\u00e7ok g\u00fcnl\u00fck nesnenin i\u00e7ine gizlenmi\u015ftir. Bu minik kameralar genellikle geli\u015fmi\u015f kay\u0131t [&hellip;]","og_url":"https:\/\/bssguvenlik.com.tr\/en\/gizli-kamera-detektoru\/","og_site_name":"BSS G\u00fcvenlik Sistemleri","article_modified_time":"2026-04-21T12:46:10+00:00","og_image":[{"width":1280,"height":968,"url":"https:\/\/bssguvenlik.com.tr\/wp-content\/uploads\/2026\/04\/spyfinder-gizli-kamera-bulucu.jpg","type":"image\/jpeg"}],"twitter_card":"summary_large_image","twitter_misc":{"Est. reading time":"4 minutes"},"schema":{"@context":"https:\/\/schema.org","@graph":[{"@type":"WebPage","@id":"https:\/\/bssguvenlik.com.tr\/gizli-kamera-detektoru\/","url":"https:\/\/bssguvenlik.com.tr\/gizli-kamera-detektoru\/","name":"Gizli Kamera Detekt\u00f6r\u00fc - BSS G\u00fcvenlik Sistemleri","isPartOf":{"@id":"https:\/\/bssguvenlik.com.tr\/#website"},"primaryImageOfPage":{"@id":"https:\/\/bssguvenlik.com.tr\/gizli-kamera-detektoru\/#primaryimage"},"image":{"@id":"https:\/\/bssguvenlik.com.tr\/gizli-kamera-detektoru\/#primaryimage"},"thumbnailUrl":"https:\/\/bssguvenlik.com.tr\/wp-content\/uploads\/2026\/04\/spyfinder-gizli-kamera-bulucu.jpg","datePublished":"2026-04-18T14:14:48+00:00","dateModified":"2026-04-21T12:46:10+00:00","breadcrumb":{"@id":"https:\/\/bssguvenlik.com.tr\/gizli-kamera-detektoru\/#breadcrumb"},"inLanguage":"en-GB","potentialAction":[{"@type":"ReadAction","target":["https:\/\/bssguvenlik.com.tr\/gizli-kamera-detektoru\/"]}]},{"@type":"ImageObject","inLanguage":"en-GB","@id":"https:\/\/bssguvenlik.com.tr\/gizli-kamera-detektoru\/#primaryimage","url":"https:\/\/bssguvenlik.com.tr\/wp-content\/uploads\/2026\/04\/spyfinder-gizli-kamera-bulucu.jpg","contentUrl":"https:\/\/bssguvenlik.com.tr\/wp-content\/uploads\/2026\/04\/spyfinder-gizli-kamera-bulucu.jpg","width":1280,"height":968},{"@type":"BreadcrumbList","@id":"https:\/\/bssguvenlik.com.tr\/gizli-kamera-detektoru\/#breadcrumb","itemListElement":[{"@type":"ListItem","position":1,"name":"Anasayfa","item":"https:\/\/bssguvenlik.com.tr\/"},{"@type":"ListItem","position":2,"name":"Gizli Kamera Detekt\u00f6r\u00fc"}]},{"@type":"WebSite","@id":"https:\/\/bssguvenlik.com.tr\/#website","url":"https:\/\/bssguvenlik.com.tr\/","name":"Wellcome to","description":"X-Ray Cihazlar\u0131, Metal Kap\u0131 Dedekt\u00f6rleri, Ara\u00e7 Tarama Cihazlar\u0131","publisher":{"@id":"https:\/\/bssguvenlik.com.tr\/#organization"},"potentialAction":[{"@type":"SearchAction","target":{"@type":"EntryPoint","urlTemplate":"https:\/\/bssguvenlik.com.tr\/?s={search_term_string}"},"query-input":{"@type":"PropertyValueSpecification","valueRequired":true,"valueName":"search_term_string"}}],"inLanguage":"en-GB"},{"@type":"Organization","@id":"https:\/\/bssguvenlik.com.tr\/#organization","name":"Wellcome to","url":"https:\/\/bssguvenlik.com.tr\/","logo":{"@type":"ImageObject","inLanguage":"en-GB","@id":"https:\/\/bssguvenlik.com.tr\/#\/schema\/logo\/image\/","url":"https:\/\/bssguvenlik.com.tr\/wp-content\/uploads\/2026\/03\/logo-turuncu.png","contentUrl":"https:\/\/bssguvenlik.com.tr\/wp-content\/uploads\/2026\/03\/logo-turuncu.png","width":388,"height":238,"caption":"BSS G\u00fcvenlik Sistemleri"},"image":{"@id":"https:\/\/bssguvenlik.com.tr\/#\/schema\/logo\/image\/"}}]}},"_links":{"self":[{"href":"https:\/\/bssguvenlik.com.tr\/en\/wp-json\/wp\/v2\/pages\/459","targetHints":{"allow":["GET"]}}],"collection":[{"href":"https:\/\/bssguvenlik.com.tr\/en\/wp-json\/wp\/v2\/pages"}],"about":[{"href":"https:\/\/bssguvenlik.com.tr\/en\/wp-json\/wp\/v2\/types\/page"}],"author":[{"embeddable":true,"href":"https:\/\/bssguvenlik.com.tr\/en\/wp-json\/wp\/v2\/users\/2"}],"replies":[{"embeddable":true,"href":"https:\/\/bssguvenlik.com.tr\/en\/wp-json\/wp\/v2\/comments?post=459"}],"version-history":[{"count":7,"href":"https:\/\/bssguvenlik.com.tr\/en\/wp-json\/wp\/v2\/pages\/459\/revisions"}],"predecessor-version":[{"id":1168,"href":"https:\/\/bssguvenlik.com.tr\/en\/wp-json\/wp\/v2\/pages\/459\/revisions\/1168"}],"wp:featuredmedia":[{"embeddable":true,"href":"https:\/\/bssguvenlik.com.tr\/en\/wp-json\/wp\/v2\/media\/1161"}],"wp:attachment":[{"href":"https:\/\/bssguvenlik.com.tr\/en\/wp-json\/wp\/v2\/media?parent=459"}],"curies":[{"name":"wp","href":"https:\/\/api.w.org\/{rel}","templated":true}]}}