{"id":442,"date":"2026-04-18T17:08:23","date_gmt":"2026-04-18T14:08:23","guid":{"rendered":"https:\/\/bssguvenlik.com.tr\/?page_id=442"},"modified":"2026-04-18T17:08:23","modified_gmt":"2026-04-18T14:08:23","slug":"ozel-guvenlik","status":"publish","type":"page","link":"https:\/\/bssguvenlik.com.tr\/en\/hizmetlerimiz\/ozel-guvenlik\/","title":{"rendered":"Private Security"},"content":{"rendered":"","protected":false},"excerpt":{"rendered":"","protected":false},"author":2,"featured_media":0,"parent":12,"menu_order":0,"comment_status":"closed","ping_status":"closed","template":"","meta":{"_joinchat":[],"footnotes":""},"class_list":["post-442","page","type-page","status-publish","hentry"],"yoast_head":"<!-- This site is optimized with the Yoast SEO plugin v27.4 - https:\/\/yoast.com\/product\/yoast-seo-wordpress\/ -->\n<title>\u00d6zel G\u00fcvenlik - BSS G\u00fcvenlik Sistemleri<\/title>\n<meta name=\"robots\" content=\"index, follow, max-snippet:-1, max-image-preview:large, max-video-preview:-1\" \/>\n<link rel=\"canonical\" href=\"https:\/\/bssguvenlik.com.tr\/en\/hizmetlerimiz\/ozel-guvenlik\/\" \/>\n<meta property=\"og:locale\" content=\"en_GB\" \/>\n<meta property=\"og:type\" content=\"article\" \/>\n<meta property=\"og:title\" content=\"\u00d6zel G\u00fcvenlik - BSS G\u00fcvenlik Sistemleri\" \/>\n<meta property=\"og:url\" content=\"https:\/\/bssguvenlik.com.tr\/en\/hizmetlerimiz\/ozel-guvenlik\/\" \/>\n<meta property=\"og:site_name\" content=\"BSS G\u00fcvenlik Sistemleri\" \/>\n<meta name=\"twitter:card\" content=\"summary_large_image\" \/>\n<script type=\"application\/ld+json\" class=\"yoast-schema-graph\">{\"@context\":\"https:\\\/\\\/schema.org\",\"@graph\":[{\"@type\":\"WebPage\",\"@id\":\"https:\\\/\\\/bssguvenlik.com.tr\\\/hizmetlerimiz\\\/ozel-guvenlik\\\/\",\"url\":\"https:\\\/\\\/bssguvenlik.com.tr\\\/hizmetlerimiz\\\/ozel-guvenlik\\\/\",\"name\":\"\u00d6zel G\u00fcvenlik - BSS G\u00fcvenlik Sistemleri\",\"isPartOf\":{\"@id\":\"https:\\\/\\\/bssguvenlik.com.tr\\\/#website\"},\"datePublished\":\"2026-04-18T14:08:23+00:00\",\"breadcrumb\":{\"@id\":\"https:\\\/\\\/bssguvenlik.com.tr\\\/hizmetlerimiz\\\/ozel-guvenlik\\\/#breadcrumb\"},\"inLanguage\":\"en-GB\",\"potentialAction\":[{\"@type\":\"ReadAction\",\"target\":[\"https:\\\/\\\/bssguvenlik.com.tr\\\/hizmetlerimiz\\\/ozel-guvenlik\\\/\"]}]},{\"@type\":\"BreadcrumbList\",\"@id\":\"https:\\\/\\\/bssguvenlik.com.tr\\\/hizmetlerimiz\\\/ozel-guvenlik\\\/#breadcrumb\",\"itemListElement\":[{\"@type\":\"ListItem\",\"position\":1,\"name\":\"Anasayfa\",\"item\":\"https:\\\/\\\/bssguvenlik.com.tr\\\/\"},{\"@type\":\"ListItem\",\"position\":2,\"name\":\"Hizmetlerimiz\",\"item\":\"https:\\\/\\\/bssguvenlik.com.tr\\\/hizmetlerimiz\\\/\"},{\"@type\":\"ListItem\",\"position\":3,\"name\":\"\u00d6zel G\u00fcvenlik\"}]},{\"@type\":\"WebSite\",\"@id\":\"https:\\\/\\\/bssguvenlik.com.tr\\\/#website\",\"url\":\"https:\\\/\\\/bssguvenlik.com.tr\\\/\",\"name\":\"BSS G\u00fcvenlik Sistemleri\",\"description\":\"X-Ray Cihazlar\u0131, Metal Kap\u0131 Dedekt\u00f6rleri, Ara\u00e7 Tarama Cihazlar\u0131\",\"publisher\":{\"@id\":\"https:\\\/\\\/bssguvenlik.com.tr\\\/#organization\"},\"potentialAction\":[{\"@type\":\"SearchAction\",\"target\":{\"@type\":\"EntryPoint\",\"urlTemplate\":\"https:\\\/\\\/bssguvenlik.com.tr\\\/?s={search_term_string}\"},\"query-input\":{\"@type\":\"PropertyValueSpecification\",\"valueRequired\":true,\"valueName\":\"search_term_string\"}}],\"inLanguage\":\"en-GB\"},{\"@type\":\"Organization\",\"@id\":\"https:\\\/\\\/bssguvenlik.com.tr\\\/#organization\",\"name\":\"BSS G\u00fcvenlik Sistemleri\",\"url\":\"https:\\\/\\\/bssguvenlik.com.tr\\\/\",\"logo\":{\"@type\":\"ImageObject\",\"inLanguage\":\"en-GB\",\"@id\":\"https:\\\/\\\/bssguvenlik.com.tr\\\/#\\\/schema\\\/logo\\\/image\\\/\",\"url\":\"https:\\\/\\\/bssguvenlik.com.tr\\\/wp-content\\\/uploads\\\/2026\\\/03\\\/logo-turuncu.png\",\"contentUrl\":\"https:\\\/\\\/bssguvenlik.com.tr\\\/wp-content\\\/uploads\\\/2026\\\/03\\\/logo-turuncu.png\",\"width\":388,\"height\":238,\"caption\":\"BSS G\u00fcvenlik Sistemleri\"},\"image\":{\"@id\":\"https:\\\/\\\/bssguvenlik.com.tr\\\/#\\\/schema\\\/logo\\\/image\\\/\"}}]}<\/script>\n<!-- \/ Yoast SEO plugin. -->","yoast_head_json":{"title":"\u00d6zel G\u00fcvenlik - BSS G\u00fcvenlik Sistemleri","robots":{"index":"index","follow":"follow","max-snippet":"max-snippet:-1","max-image-preview":"max-image-preview:large","max-video-preview":"max-video-preview:-1"},"canonical":"https:\/\/bssguvenlik.com.tr\/en\/hizmetlerimiz\/ozel-guvenlik\/","og_locale":"en_GB","og_type":"article","og_title":"\u00d6zel G\u00fcvenlik - BSS G\u00fcvenlik Sistemleri","og_url":"https:\/\/bssguvenlik.com.tr\/en\/hizmetlerimiz\/ozel-guvenlik\/","og_site_name":"BSS G\u00fcvenlik Sistemleri","twitter_card":"summary_large_image","schema":{"@context":"https:\/\/schema.org","@graph":[{"@type":"WebPage","@id":"https:\/\/bssguvenlik.com.tr\/hizmetlerimiz\/ozel-guvenlik\/","url":"https:\/\/bssguvenlik.com.tr\/hizmetlerimiz\/ozel-guvenlik\/","name":"\u00d6zel G\u00fcvenlik - BSS G\u00fcvenlik Sistemleri","isPartOf":{"@id":"https:\/\/bssguvenlik.com.tr\/#website"},"datePublished":"2026-04-18T14:08:23+00:00","breadcrumb":{"@id":"https:\/\/bssguvenlik.com.tr\/hizmetlerimiz\/ozel-guvenlik\/#breadcrumb"},"inLanguage":"en-GB","potentialAction":[{"@type":"ReadAction","target":["https:\/\/bssguvenlik.com.tr\/hizmetlerimiz\/ozel-guvenlik\/"]}]},{"@type":"BreadcrumbList","@id":"https:\/\/bssguvenlik.com.tr\/hizmetlerimiz\/ozel-guvenlik\/#breadcrumb","itemListElement":[{"@type":"ListItem","position":1,"name":"Anasayfa","item":"https:\/\/bssguvenlik.com.tr\/"},{"@type":"ListItem","position":2,"name":"Hizmetlerimiz","item":"https:\/\/bssguvenlik.com.tr\/hizmetlerimiz\/"},{"@type":"ListItem","position":3,"name":"\u00d6zel G\u00fcvenlik"}]},{"@type":"WebSite","@id":"https:\/\/bssguvenlik.com.tr\/#website","url":"https:\/\/bssguvenlik.com.tr\/","name":"Wellcome to","description":"X-Ray Cihazlar\u0131, Metal Kap\u0131 Dedekt\u00f6rleri, Ara\u00e7 Tarama Cihazlar\u0131","publisher":{"@id":"https:\/\/bssguvenlik.com.tr\/#organization"},"potentialAction":[{"@type":"SearchAction","target":{"@type":"EntryPoint","urlTemplate":"https:\/\/bssguvenlik.com.tr\/?s={search_term_string}"},"query-input":{"@type":"PropertyValueSpecification","valueRequired":true,"valueName":"search_term_string"}}],"inLanguage":"en-GB"},{"@type":"Organization","@id":"https:\/\/bssguvenlik.com.tr\/#organization","name":"Wellcome to","url":"https:\/\/bssguvenlik.com.tr\/","logo":{"@type":"ImageObject","inLanguage":"en-GB","@id":"https:\/\/bssguvenlik.com.tr\/#\/schema\/logo\/image\/","url":"https:\/\/bssguvenlik.com.tr\/wp-content\/uploads\/2026\/03\/logo-turuncu.png","contentUrl":"https:\/\/bssguvenlik.com.tr\/wp-content\/uploads\/2026\/03\/logo-turuncu.png","width":388,"height":238,"caption":"BSS G\u00fcvenlik Sistemleri"},"image":{"@id":"https:\/\/bssguvenlik.com.tr\/#\/schema\/logo\/image\/"}}]}},"_links":{"self":[{"href":"https:\/\/bssguvenlik.com.tr\/en\/wp-json\/wp\/v2\/pages\/442","targetHints":{"allow":["GET"]}}],"collection":[{"href":"https:\/\/bssguvenlik.com.tr\/en\/wp-json\/wp\/v2\/pages"}],"about":[{"href":"https:\/\/bssguvenlik.com.tr\/en\/wp-json\/wp\/v2\/types\/page"}],"author":[{"embeddable":true,"href":"https:\/\/bssguvenlik.com.tr\/en\/wp-json\/wp\/v2\/users\/2"}],"replies":[{"embeddable":true,"href":"https:\/\/bssguvenlik.com.tr\/en\/wp-json\/wp\/v2\/comments?post=442"}],"version-history":[{"count":1,"href":"https:\/\/bssguvenlik.com.tr\/en\/wp-json\/wp\/v2\/pages\/442\/revisions"}],"predecessor-version":[{"id":443,"href":"https:\/\/bssguvenlik.com.tr\/en\/wp-json\/wp\/v2\/pages\/442\/revisions\/443"}],"up":[{"embeddable":true,"href":"https:\/\/bssguvenlik.com.tr\/en\/wp-json\/wp\/v2\/pages\/12"}],"wp:attachment":[{"href":"https:\/\/bssguvenlik.com.tr\/en\/wp-json\/wp\/v2\/media?parent=442"}],"curies":[{"name":"wp","href":"https:\/\/api.w.org\/{rel}","templated":true}]}}