{"id":1302,"date":"2026-04-27T14:08:09","date_gmt":"2026-04-27T11:08:09","guid":{"rendered":"https:\/\/bssguvenlik.com.tr\/?page_id=1302"},"modified":"2026-04-27T16:02:01","modified_gmt":"2026-04-27T13:02:01","slug":"online-kayit","status":"publish","type":"page","link":"https:\/\/bssguvenlik.com.tr\/en\/online-kayit\/","title":{"rendered":"Online Register"},"content":{"rendered":"\t\t<div data-elementor-type=\"wp-page\" data-elementor-id=\"1302\" class=\"elementor elementor-1302\">\n\t\t\t\t\t\t\t\t\t<section class=\"elementor-section elementor-top-section elementor-element elementor-element-4a26b17 elementor-section-boxed elementor-section-height-default elementor-section-height-default\" data-id=\"4a26b17\" data-element_type=\"section\" data-settings=\"{&quot;background_background&quot;:&quot;classic&quot;}\">\n\t\t\t\t\t\t<div class=\"elementor-container elementor-column-gap-no\">\n\t\t\t\t\t<div class=\"elementor-column elementor-col-100 elementor-top-column elementor-element elementor-element-e703629\" data-id=\"e703629\" data-element_type=\"column\">\n\t\t\t<div class=\"elementor-widget-wrap elementor-element-populated\">\n\t\t\t\t\t\t\t\t<div class=\"elementor-element elementor-element-032fc9a elementor-widget elementor-widget-heading\" data-id=\"032fc9a\" data-element_type=\"widget\" data-widget_type=\"heading.default\">\n\t\t\t\t<div class=\"elementor-widget-container\">\n\t\t\t<style>\/*! elementor - v3.6.5 - 27-04-2022 *\/\n.elementor-heading-title{padding:0;margin:0;line-height:1}.elementor-widget-heading .elementor-heading-title[class*=elementor-size-]>a{color:inherit;font-size:inherit;line-height:inherit}.elementor-widget-heading .elementor-heading-title.elementor-size-small{font-size:15px}.elementor-widget-heading .elementor-heading-title.elementor-size-medium{font-size:19px}.elementor-widget-heading .elementor-heading-title.elementor-size-large{font-size:29px}.elementor-widget-heading .elementor-heading-title.elementor-size-xl{font-size:39px}.elementor-widget-heading .elementor-heading-title.elementor-size-xxl{font-size:59px}<\/style><h2 class=\"elementor-heading-title elementor-size-default\">Sertifikal\u0131 <\/h2>\t\t<\/div>\n\t\t\t\t<\/div>\n\t\t\t\t<div class=\"elementor-element elementor-element-ada6d0a elementor-widget elementor-widget-heading\" data-id=\"ada6d0a\" data-element_type=\"widget\" data-widget_type=\"heading.default\">\n\t\t\t\t<div class=\"elementor-widget-container\">\n\t\t\t<h2 class=\"elementor-heading-title elementor-size-default\">G\u00fcvenlik Cihaz\u0131 E\u011fitimi<\/h2>\t\t<\/div>\n\t\t\t\t<\/div>\n\t\t\t\t<div class=\"elementor-element elementor-element-0a9d90a elementor-widget-divider--view-line elementor-widget elementor-widget-divider\" data-id=\"0a9d90a\" data-element_type=\"widget\" data-widget_type=\"divider.default\">\n\t\t\t\t<div class=\"elementor-widget-container\">\n\t\t\t<style>\/*! elementor - v3.6.5 - 27-04-2022 *\/\n.elementor-widget-divider{--divider-border-style:none;--divider-border-width:1px;--divider-color:#2c2c2c;--divider-icon-size:20px;--divider-element-spacing:10px;--divider-pattern-height:24px;--divider-pattern-size:20px;--divider-pattern-url:none;--divider-pattern-repeat:repeat-x}.elementor-widget-divider .elementor-divider{display:-webkit-box;display:-ms-flexbox;display:flex}.elementor-widget-divider .elementor-divider__text{font-size:15px;line-height:1;max-width:95%}.elementor-widget-divider .elementor-divider__element{margin:0 var(--divider-element-spacing);-ms-flex-negative:0;flex-shrink:0}.elementor-widget-divider .elementor-icon{font-size:var(--divider-icon-size)}.elementor-widget-divider .elementor-divider-separator{display:-webkit-box;display:-ms-flexbox;display:flex;margin:0;direction:ltr}.elementor-widget-divider--view-line_icon .elementor-divider-separator,.elementor-widget-divider--view-line_text .elementor-divider-separator{-webkit-box-align:center;-ms-flex-align:center;align-items:center}.elementor-widget-divider--view-line_icon .elementor-divider-separator:after,.elementor-widget-divider--view-line_icon .elementor-divider-separator:before,.elementor-widget-divider--view-line_text .elementor-divider-separator:after,.elementor-widget-divider--view-line_text .elementor-divider-separator:before{display:block;content:\"\";border-bottom:0;-webkit-box-flex:1;-ms-flex-positive:1;flex-grow:1;border-top:var(--divider-border-width) var(--divider-border-style) var(--divider-color)}.elementor-widget-divider--element-align-left .elementor-divider .elementor-divider-separator>.elementor-divider__svg:first-of-type{-webkit-box-flex:0;-ms-flex-positive:0;flex-grow:0;-ms-flex-negative:100;flex-shrink:100}.elementor-widget-divider--element-align-left .elementor-divider-separator:before{content:none}.elementor-widget-divider--element-align-left .elementor-divider__element{margin-left:0}.elementor-widget-divider--element-align-right .elementor-divider .elementor-divider-separator>.elementor-divider__svg:last-of-type{-webkit-box-flex:0;-ms-flex-positive:0;flex-grow:0;-ms-flex-negative:100;flex-shrink:100}.elementor-widget-divider--element-align-right .elementor-divider-separator:after{content:none}.elementor-widget-divider--element-align-right .elementor-divider__element{margin-right:0}.elementor-widget-divider:not(.elementor-widget-divider--view-line_text):not(.elementor-widget-divider--view-line_icon) .elementor-divider-separator{border-top:var(--divider-border-width) var(--divider-border-style) var(--divider-color)}.elementor-widget-divider--separator-type-pattern{--divider-border-style:none}.elementor-widget-divider--separator-type-pattern.elementor-widget-divider--view-line .elementor-divider-separator,.elementor-widget-divider--separator-type-pattern:not(.elementor-widget-divider--view-line) .elementor-divider-separator:after,.elementor-widget-divider--separator-type-pattern:not(.elementor-widget-divider--view-line) .elementor-divider-separator:before,.elementor-widget-divider--separator-type-pattern:not([class*=elementor-widget-divider--view]) .elementor-divider-separator{width:100%;min-height:var(--divider-pattern-height);-webkit-mask-size:var(--divider-pattern-size) 100%;mask-size:var(--divider-pattern-size) 100%;-webkit-mask-repeat:var(--divider-pattern-repeat);mask-repeat:var(--divider-pattern-repeat);background-color:var(--divider-color);-webkit-mask-image:var(--divider-pattern-url);mask-image:var(--divider-pattern-url)}.elementor-widget-divider--no-spacing{--divider-pattern-size:auto}.elementor-widget-divider--bg-round{--divider-pattern-repeat:round}.rtl .elementor-widget-divider .elementor-divider__text{direction:rtl}<\/style>\t\t<div class=\"elementor-divider\">\n\t\t\t<span class=\"elementor-divider-separator\">\n\t\t\t\t\t\t<\/span>\n\t\t<\/div>\n\t\t\t\t<\/div>\n\t\t\t\t<\/div>\n\t\t\t\t<div class=\"elementor-element elementor-element-cb01916 elementor-widget elementor-widget-heading\" data-id=\"cb01916\" data-element_type=\"widget\" data-widget_type=\"heading.default\">\n\t\t\t\t<div class=\"elementor-widget-container\">\n\t\t\t<h2 class=\"elementor-heading-title elementor-size-default\">Online Kay\u0131t<\/h2>\t\t<\/div>\n\t\t\t\t<\/div>\n\t\t\t\t\t<\/div>\n\t\t<\/div>\n\t\t\t\t\t\t\t<\/div>\n\t\t<\/section>\n\t\t\t\t<section class=\"elementor-section elementor-top-section elementor-element elementor-element-d60a1ef elementor-section-boxed elementor-section-height-default elementor-section-height-default\" data-id=\"d60a1ef\" data-element_type=\"section\" data-settings=\"{&quot;shape_divider_top&quot;:&quot;arrow&quot;}\">\n\t\t\t\t\t<div class=\"elementor-shape elementor-shape-top\" data-negative=\"false\">\n\t\t\t<svg xmlns=\"http:\/\/www.w3.org\/2000\/svg\" viewBox=\"0 0 700 10\" preserveAspectRatio=\"none\">\n\t<path class=\"elementor-shape-fill\" d=\"M350,10L340,0h20L350,10z\"\/>\n<\/svg>\t\t<\/div>\n\t\t\t\t\t<div class=\"elementor-container elementor-column-gap-default\">\n\t\t\t\t\t<div class=\"elementor-column elementor-col-50 elementor-top-column elementor-element elementor-element-f7b9c7f\" data-id=\"f7b9c7f\" data-element_type=\"column\">\n\t\t\t<div class=\"elementor-widget-wrap elementor-element-populated\">\n\t\t\t\t\t\t\t\t<div class=\"elementor-element elementor-element-437c8e7 elementor-button-align-stretch elementor-widget elementor-widget-form\" data-id=\"437c8e7\" data-element_type=\"widget\" data-settings=\"{&quot;step_next_label&quot;:&quot;Next&quot;,&quot;step_previous_label&quot;:&quot;Previous&quot;,&quot;button_width&quot;:&quot;100&quot;,&quot;step_type&quot;:&quot;number_text&quot;,&quot;step_icon_shape&quot;:&quot;circle&quot;}\" data-widget_type=\"form.default\">\n\t\t\t\t<div class=\"elementor-widget-container\">\n\t\t\t\t\t<form class=\"elementor-form\" method=\"post\" name=\"New Form\">\n\t\t\t<input type=\"hidden\" name=\"post_id\" value=\"1302\"\/>\n\t\t\t<input type=\"hidden\" name=\"form_id\" value=\"437c8e7\"\/>\n\n\t\t\t\n\t\t\t<div class=\"elementor-form-fields-wrapper elementor-labels-\">\n\t\t\t\t\t\t\t\t<div class=\"elementor-field-type-text elementor-field-group elementor-column elementor-field-group-name elementor-col-100\">\n\t\t\t\t\t<label for=\"form-field-name\" class=\"elementor-field-label elementor-screen-only\">Ad\u0131<\/label><input size=\"1\" type=\"text\" name=\"form_fields[name]\" id=\"form-field-name\" class=\"elementor-field elementor-size-lg  elementor-field-textual\" placeholder=\"Ad\u0131n\u0131z Soyad\u0131n\u0131z\">\t\t\t\t<\/div>\n\t\t\t\t\t\t\t\t<div class=\"elementor-field-type-email elementor-field-group elementor-column elementor-field-group-email elementor-col-50 elementor-field-required\">\n\t\t\t\t\t<label for=\"form-field-email\" class=\"elementor-field-label elementor-screen-only\">E-posta<\/label><input size=\"1\" type=\"email\" name=\"form_fields[email]\" id=\"form-field-email\" class=\"elementor-field elementor-size-lg  elementor-field-textual\" placeholder=\"E-posta\" required=\"required\" aria-required=\"true\">\t\t\t\t<\/div>\n\t\t\t\t\t\t\t\t<div class=\"elementor-field-type-text elementor-field-group elementor-column elementor-field-group-field_39c7474 elementor-col-50 elementor-field-required\">\n\t\t\t\t\t<label for=\"form-field-field_39c7474\" class=\"elementor-field-label elementor-screen-only\">Telefon<\/label><input size=\"1\" type=\"text\" name=\"form_fields[field_39c7474]\" id=\"form-field-field_39c7474\" class=\"elementor-field elementor-size-lg  elementor-field-textual\" placeholder=\"Telefon\" required=\"required\" aria-required=\"true\">\t\t\t\t<\/div>\n\t\t\t\t\t\t\t\t<div class=\"elementor-field-type-date elementor-field-group elementor-column elementor-field-group-field_b5c4275 elementor-col-50\">\n\t\t\t\t\t<label for=\"form-field-field_b5c4275\" class=\"elementor-field-label elementor-screen-only\">Do\u011fum Tarihi<\/label><input type=\"date\" name=\"form_fields[field_b5c4275]\" id=\"form-field-field_b5c4275\" class=\"elementor-field elementor-size-lg  elementor-field-textual elementor-date-field elementor-use-native\" placeholder=\"Do\u011fum Tarihiniz\" pattern=\"[0-9]{4}-[0-9]{2}-[0-9]{2}\">\t\t\t\t<\/div>\n\t\t\t\t\t\t\t\t<div class=\"elementor-field-type-select elementor-field-group elementor-column elementor-field-group-field_70f1e8e elementor-col-50\">\n\t\t\t\t\t<label for=\"form-field-field_70f1e8e\" class=\"elementor-field-label elementor-screen-only\">Mezuniyet<\/label>\t\t<div class=\"elementor-field elementor-select-wrapper \">\n\t\t\t<select name=\"form_fields[field_70f1e8e]\" id=\"form-field-field_70f1e8e\" class=\"elementor-field-textual elementor-size-lg\">\n\t\t\t\t<option value=\"\u0130lkokul\">\u0130lkokul<\/option><option value=\"Ortaokul \">Ortaokul <\/option><option value=\"Lise\">Lise<\/option><option value=\"\u00d6\u011frenci\">\u00d6\u011frenci<\/option><option value=\"\u00d6n Lisans\">\u00d6n Lisans<\/option><option value=\"Lisans\">Lisans<\/option><option value=\"Y\u00fcksek Lisans\">Y\u00fcksek Lisans<\/option><option value=\"Doktora\">Doktora<\/option>\t\t\t<\/select>\n\t\t<\/div>\n\t\t\t\t\t\t<\/div>\n\t\t\t\t\t\t\t\t<div class=\"elementor-field-type-html elementor-field-group elementor-column elementor-field-group-field_db26d6b elementor-col-100\">\n\t\t\t\t\t<script>\ndocument.addEventListener('DOMContentLoaded', function() {\n    \/\/ Formdaki tarih alan\u0131n\u0131 ID \u00fczerinden yakal\u0131yoruz\n    const dateInput = document.getElementById('form-field-rezervasyon_tarihi');\n    \n    if (dateInput) {\n        \/\/ Bug\u00fcn\u00fcn tarihini YYYY-MM-DD format\u0131nda alal\u0131m\n        const today = new Date().toISOString().split('T')[0];\n        \n        \/\/ Tarih alan\u0131na 'min' \u00f6zelli\u011fini ekleyerek ge\u00e7mi\u015fi engelliyoruz\n        dateInput.setAttribute('min', today);\n    }\n});\n<\/script>\t\t\t\t<\/div>\n\t\t\t\t\t\t\t\t<div class=\"elementor-field-type-select elementor-field-group elementor-column elementor-field-group-field_55c9287 elementor-col-100\">\n\t\t\t\t\t<label for=\"form-field-field_55c9287\" class=\"elementor-field-label elementor-screen-only\">Bizi Nereden Buldunuz<\/label>\t\t<div class=\"elementor-field elementor-select-wrapper \">\n\t\t\t<select name=\"form_fields[field_55c9287]\" id=\"form-field-field_55c9287\" class=\"elementor-field-textual elementor-size-lg\">\n\t\t\t\t<option value=\"\u0130nternet Aramas\u0131\">\u0130nternet Aramas\u0131<\/option><option value=\"Sosyal Medya \">Sosyal Medya <\/option><option value=\"Arkada\u015f Tavsiyesi\">Arkada\u015f Tavsiyesi<\/option><option value=\"Reklam\">Reklam<\/option><option value=\"Etkinlik\">Etkinlik<\/option><option value=\"Di\u011fer\">Di\u011fer<\/option>\t\t\t<\/select>\n\t\t<\/div>\n\t\t\t\t\t\t<\/div>\n\t\t\t\t\t\t\t\t<div class=\"elementor-field-type-textarea elementor-field-group elementor-column elementor-field-group-field_681f7e1 elementor-col-100\">\n\t\t\t\t\t<label for=\"form-field-field_681f7e1\" class=\"elementor-field-label elementor-screen-only\">Mesaj\u0131<\/label><textarea class=\"elementor-field-textual elementor-field  elementor-size-lg\" name=\"form_fields[field_681f7e1]\" id=\"form-field-field_681f7e1\" rows=\"4\" placeholder=\"Varsa eklemek istediklerinizi buraya yazabilirsiniz.\"><\/textarea>\t\t\t\t<\/div>\n\t\t\t\t\t\t\t\t<div class=\"elementor-field-group elementor-column elementor-field-type-submit elementor-col-100 e-form__buttons\">\n\t\t\t\t\t<button type=\"submit\" class=\"elementor-button elementor-size-sm\">\n\t\t\t\t\t\t<span >\n\t\t\t\t\t\t\t\t\t\t\t\t\t\t\t<span class=\" elementor-button-icon\">\n\t\t\t\t\t\t\t\t\t\t\t\t\t\t\t\t\t\t\t\t\t\t\t\t\t\t<\/span>\n\t\t\t\t\t\t\t\t\t\t\t\t\t\t\t\t\t\t\t\t\t\t<span class=\"elementor-button-text\">G\u00f6nder<\/span>\n\t\t\t\t\t\t\t\t\t\t\t\t\t<\/span>\n\t\t\t\t\t<\/button>\n\t\t\t\t<\/div>\n\t\t\t<\/div>\n\t\t<\/form>\n\t\t\t\t<\/div>\n\t\t\t\t<\/div>\n\t\t\t\t\t<\/div>\n\t\t<\/div>\n\t\t\t\t<div class=\"elementor-column elementor-col-50 elementor-top-column elementor-element elementor-element-577eca7\" data-id=\"577eca7\" data-element_type=\"column\">\n\t\t\t<div class=\"elementor-widget-wrap elementor-element-populated\">\n\t\t\t\t\t\t\t\t<div class=\"elementor-element elementor-element-2a10f63 elementor-widget elementor-widget-image\" data-id=\"2a10f63\" data-element_type=\"widget\" data-widget_type=\"image.default\">\n\t\t\t\t<div class=\"elementor-widget-container\">\n\t\t\t<style>\/*! elementor - v3.6.5 - 27-04-2022 *\/\n.elementor-widget-image{text-align:center}.elementor-widget-image a{display:inline-block}.elementor-widget-image a img[src$=\".svg\"]{width:48px}.elementor-widget-image img{vertical-align:middle;display:inline-block}<\/style>\t\t\t\t\t\t\t\t\t\t\t\t<img loading=\"lazy\" decoding=\"async\" width=\"800\" height=\"639\" src=\"https:\/\/bssguvenlik.com.tr\/wp-content\/uploads\/2026\/04\/kayit-formu-1024x818.jpg\" class=\"attachment-large size-large\" alt=\"\" srcset=\"https:\/\/bssguvenlik.com.tr\/wp-content\/uploads\/2026\/04\/kayit-formu-1024x818.jpg 1024w, https:\/\/bssguvenlik.com.tr\/wp-content\/uploads\/2026\/04\/kayit-formu-300x240.jpg 300w, https:\/\/bssguvenlik.com.tr\/wp-content\/uploads\/2026\/04\/kayit-formu-768x614.jpg 768w, https:\/\/bssguvenlik.com.tr\/wp-content\/uploads\/2026\/04\/kayit-formu-15x12.jpg 15w, https:\/\/bssguvenlik.com.tr\/wp-content\/uploads\/2026\/04\/kayit-formu.jpg 1335w\" sizes=\"auto, (max-width: 800px) 100vw, 800px\" \/>\t\t\t\t\t\t\t\t\t\t\t\t\t\t\t<\/div>\n\t\t\t\t<\/div>\n\t\t\t\t\t<\/div>\n\t\t<\/div>\n\t\t\t\t\t\t\t<\/div>\n\t\t<\/section>\n\t\t\t\t\t\t\t<\/div>\n\t\t","protected":false},"excerpt":{"rendered":"<p>Sertifikal\u0131 G\u00fcvenlik Cihaz\u0131 E\u011fitimi Online Kay\u0131t<\/p>","protected":false},"author":2,"featured_media":0,"parent":0,"menu_order":0,"comment_status":"closed","ping_status":"closed","template":"elementor_header_footer","meta":{"_joinchat":[],"footnotes":""},"class_list":["post-1302","page","type-page","status-publish","hentry"],"yoast_head":"<!-- This site is optimized with the Yoast SEO plugin v27.4 - https:\/\/yoast.com\/product\/yoast-seo-wordpress\/ -->\n<title>Online Kay\u0131t - BSS G\u00fcvenlik Sistemleri<\/title>\n<meta name=\"robots\" content=\"index, follow, max-snippet:-1, max-image-preview:large, max-video-preview:-1\" \/>\n<link rel=\"canonical\" href=\"https:\/\/bssguvenlik.com.tr\/en\/online-kayit\/\" \/>\n<meta property=\"og:locale\" content=\"en_GB\" \/>\n<meta property=\"og:type\" content=\"article\" \/>\n<meta property=\"og:title\" content=\"Online Kay\u0131t - BSS G\u00fcvenlik Sistemleri\" \/>\n<meta property=\"og:description\" content=\"Sertifikal\u0131 G\u00fcvenlik Cihaz\u0131 E\u011fitimi Online Kay\u0131t\" \/>\n<meta property=\"og:url\" content=\"https:\/\/bssguvenlik.com.tr\/en\/online-kayit\/\" \/>\n<meta property=\"og:site_name\" content=\"BSS G\u00fcvenlik Sistemleri\" \/>\n<meta property=\"article:modified_time\" content=\"2026-04-27T13:02:01+00:00\" \/>\n<meta property=\"og:image\" content=\"https:\/\/bssguvenlik.com.tr\/wp-content\/uploads\/2026\/04\/kayit-formu-1024x818.jpg\" \/>\n<meta name=\"twitter:card\" content=\"summary_large_image\" \/>\n<meta name=\"twitter:label1\" content=\"Est. reading time\" \/>\n\t<meta name=\"twitter:data1\" content=\"1 minute\" \/>\n<script type=\"application\/ld+json\" class=\"yoast-schema-graph\">{\"@context\":\"https:\\\/\\\/schema.org\",\"@graph\":[{\"@type\":\"WebPage\",\"@id\":\"https:\\\/\\\/bssguvenlik.com.tr\\\/online-kayit\\\/\",\"url\":\"https:\\\/\\\/bssguvenlik.com.tr\\\/online-kayit\\\/\",\"name\":\"Online Kay\u0131t - BSS G\u00fcvenlik Sistemleri\",\"isPartOf\":{\"@id\":\"https:\\\/\\\/bssguvenlik.com.tr\\\/#website\"},\"primaryImageOfPage\":{\"@id\":\"https:\\\/\\\/bssguvenlik.com.tr\\\/online-kayit\\\/#primaryimage\"},\"image\":{\"@id\":\"https:\\\/\\\/bssguvenlik.com.tr\\\/online-kayit\\\/#primaryimage\"},\"thumbnailUrl\":\"https:\\\/\\\/bssguvenlik.com.tr\\\/wp-content\\\/uploads\\\/2026\\\/04\\\/kayit-formu-1024x818.jpg\",\"datePublished\":\"2026-04-27T11:08:09+00:00\",\"dateModified\":\"2026-04-27T13:02:01+00:00\",\"breadcrumb\":{\"@id\":\"https:\\\/\\\/bssguvenlik.com.tr\\\/online-kayit\\\/#breadcrumb\"},\"inLanguage\":\"en-GB\",\"potentialAction\":[{\"@type\":\"ReadAction\",\"target\":[\"https:\\\/\\\/bssguvenlik.com.tr\\\/online-kayit\\\/\"]}]},{\"@type\":\"ImageObject\",\"inLanguage\":\"en-GB\",\"@id\":\"https:\\\/\\\/bssguvenlik.com.tr\\\/online-kayit\\\/#primaryimage\",\"url\":\"https:\\\/\\\/bssguvenlik.com.tr\\\/wp-content\\\/uploads\\\/2026\\\/04\\\/kayit-formu-1024x818.jpg\",\"contentUrl\":\"https:\\\/\\\/bssguvenlik.com.tr\\\/wp-content\\\/uploads\\\/2026\\\/04\\\/kayit-formu-1024x818.jpg\"},{\"@type\":\"BreadcrumbList\",\"@id\":\"https:\\\/\\\/bssguvenlik.com.tr\\\/online-kayit\\\/#breadcrumb\",\"itemListElement\":[{\"@type\":\"ListItem\",\"position\":1,\"name\":\"Anasayfa\",\"item\":\"https:\\\/\\\/bssguvenlik.com.tr\\\/\"},{\"@type\":\"ListItem\",\"position\":2,\"name\":\"Online Kay\u0131t\"}]},{\"@type\":\"WebSite\",\"@id\":\"https:\\\/\\\/bssguvenlik.com.tr\\\/#website\",\"url\":\"https:\\\/\\\/bssguvenlik.com.tr\\\/\",\"name\":\"BSS G\u00fcvenlik Sistemleri\",\"description\":\"X-Ray Cihazlar\u0131, Metal Kap\u0131 Dedekt\u00f6rleri, Ara\u00e7 Tarama Cihazlar\u0131\",\"publisher\":{\"@id\":\"https:\\\/\\\/bssguvenlik.com.tr\\\/#organization\"},\"potentialAction\":[{\"@type\":\"SearchAction\",\"target\":{\"@type\":\"EntryPoint\",\"urlTemplate\":\"https:\\\/\\\/bssguvenlik.com.tr\\\/?s={search_term_string}\"},\"query-input\":{\"@type\":\"PropertyValueSpecification\",\"valueRequired\":true,\"valueName\":\"search_term_string\"}}],\"inLanguage\":\"en-GB\"},{\"@type\":\"Organization\",\"@id\":\"https:\\\/\\\/bssguvenlik.com.tr\\\/#organization\",\"name\":\"BSS G\u00fcvenlik Sistemleri\",\"url\":\"https:\\\/\\\/bssguvenlik.com.tr\\\/\",\"logo\":{\"@type\":\"ImageObject\",\"inLanguage\":\"en-GB\",\"@id\":\"https:\\\/\\\/bssguvenlik.com.tr\\\/#\\\/schema\\\/logo\\\/image\\\/\",\"url\":\"https:\\\/\\\/bssguvenlik.com.tr\\\/wp-content\\\/uploads\\\/2026\\\/03\\\/logo-turuncu.png\",\"contentUrl\":\"https:\\\/\\\/bssguvenlik.com.tr\\\/wp-content\\\/uploads\\\/2026\\\/03\\\/logo-turuncu.png\",\"width\":388,\"height\":238,\"caption\":\"BSS G\u00fcvenlik Sistemleri\"},\"image\":{\"@id\":\"https:\\\/\\\/bssguvenlik.com.tr\\\/#\\\/schema\\\/logo\\\/image\\\/\"}}]}<\/script>\n<!-- \/ Yoast SEO plugin. -->","yoast_head_json":{"title":"Online Kay\u0131t - BSS G\u00fcvenlik Sistemleri","robots":{"index":"index","follow":"follow","max-snippet":"max-snippet:-1","max-image-preview":"max-image-preview:large","max-video-preview":"max-video-preview:-1"},"canonical":"https:\/\/bssguvenlik.com.tr\/en\/online-kayit\/","og_locale":"en_GB","og_type":"article","og_title":"Online Kay\u0131t - BSS G\u00fcvenlik Sistemleri","og_description":"Sertifikal\u0131 G\u00fcvenlik Cihaz\u0131 E\u011fitimi Online Kay\u0131t","og_url":"https:\/\/bssguvenlik.com.tr\/en\/online-kayit\/","og_site_name":"BSS G\u00fcvenlik Sistemleri","article_modified_time":"2026-04-27T13:02:01+00:00","og_image":[{"url":"https:\/\/bssguvenlik.com.tr\/wp-content\/uploads\/2026\/04\/kayit-formu-1024x818.jpg","type":"","width":"","height":""}],"twitter_card":"summary_large_image","twitter_misc":{"Est. reading time":"1 minute"},"schema":{"@context":"https:\/\/schema.org","@graph":[{"@type":"WebPage","@id":"https:\/\/bssguvenlik.com.tr\/online-kayit\/","url":"https:\/\/bssguvenlik.com.tr\/online-kayit\/","name":"Online Kay\u0131t - BSS G\u00fcvenlik Sistemleri","isPartOf":{"@id":"https:\/\/bssguvenlik.com.tr\/#website"},"primaryImageOfPage":{"@id":"https:\/\/bssguvenlik.com.tr\/online-kayit\/#primaryimage"},"image":{"@id":"https:\/\/bssguvenlik.com.tr\/online-kayit\/#primaryimage"},"thumbnailUrl":"https:\/\/bssguvenlik.com.tr\/wp-content\/uploads\/2026\/04\/kayit-formu-1024x818.jpg","datePublished":"2026-04-27T11:08:09+00:00","dateModified":"2026-04-27T13:02:01+00:00","breadcrumb":{"@id":"https:\/\/bssguvenlik.com.tr\/online-kayit\/#breadcrumb"},"inLanguage":"en-GB","potentialAction":[{"@type":"ReadAction","target":["https:\/\/bssguvenlik.com.tr\/online-kayit\/"]}]},{"@type":"ImageObject","inLanguage":"en-GB","@id":"https:\/\/bssguvenlik.com.tr\/online-kayit\/#primaryimage","url":"https:\/\/bssguvenlik.com.tr\/wp-content\/uploads\/2026\/04\/kayit-formu-1024x818.jpg","contentUrl":"https:\/\/bssguvenlik.com.tr\/wp-content\/uploads\/2026\/04\/kayit-formu-1024x818.jpg"},{"@type":"BreadcrumbList","@id":"https:\/\/bssguvenlik.com.tr\/online-kayit\/#breadcrumb","itemListElement":[{"@type":"ListItem","position":1,"name":"Anasayfa","item":"https:\/\/bssguvenlik.com.tr\/"},{"@type":"ListItem","position":2,"name":"Online Kay\u0131t"}]},{"@type":"WebSite","@id":"https:\/\/bssguvenlik.com.tr\/#website","url":"https:\/\/bssguvenlik.com.tr\/","name":"Wellcome to","description":"X-Ray Cihazlar\u0131, Metal Kap\u0131 Dedekt\u00f6rleri, Ara\u00e7 Tarama Cihazlar\u0131","publisher":{"@id":"https:\/\/bssguvenlik.com.tr\/#organization"},"potentialAction":[{"@type":"SearchAction","target":{"@type":"EntryPoint","urlTemplate":"https:\/\/bssguvenlik.com.tr\/?s={search_term_string}"},"query-input":{"@type":"PropertyValueSpecification","valueRequired":true,"valueName":"search_term_string"}}],"inLanguage":"en-GB"},{"@type":"Organization","@id":"https:\/\/bssguvenlik.com.tr\/#organization","name":"Wellcome to","url":"https:\/\/bssguvenlik.com.tr\/","logo":{"@type":"ImageObject","inLanguage":"en-GB","@id":"https:\/\/bssguvenlik.com.tr\/#\/schema\/logo\/image\/","url":"https:\/\/bssguvenlik.com.tr\/wp-content\/uploads\/2026\/03\/logo-turuncu.png","contentUrl":"https:\/\/bssguvenlik.com.tr\/wp-content\/uploads\/2026\/03\/logo-turuncu.png","width":388,"height":238,"caption":"BSS G\u00fcvenlik Sistemleri"},"image":{"@id":"https:\/\/bssguvenlik.com.tr\/#\/schema\/logo\/image\/"}}]}},"_links":{"self":[{"href":"https:\/\/bssguvenlik.com.tr\/en\/wp-json\/wp\/v2\/pages\/1302","targetHints":{"allow":["GET"]}}],"collection":[{"href":"https:\/\/bssguvenlik.com.tr\/en\/wp-json\/wp\/v2\/pages"}],"about":[{"href":"https:\/\/bssguvenlik.com.tr\/en\/wp-json\/wp\/v2\/types\/page"}],"author":[{"embeddable":true,"href":"https:\/\/bssguvenlik.com.tr\/en\/wp-json\/wp\/v2\/users\/2"}],"replies":[{"embeddable":true,"href":"https:\/\/bssguvenlik.com.tr\/en\/wp-json\/wp\/v2\/comments?post=1302"}],"version-history":[{"count":25,"href":"https:\/\/bssguvenlik.com.tr\/en\/wp-json\/wp\/v2\/pages\/1302\/revisions"}],"predecessor-version":[{"id":1378,"href":"https:\/\/bssguvenlik.com.tr\/en\/wp-json\/wp\/v2\/pages\/1302\/revisions\/1378"}],"wp:attachment":[{"href":"https:\/\/bssguvenlik.com.tr\/en\/wp-json\/wp\/v2\/media?parent=1302"}],"curies":[{"name":"wp","href":"https:\/\/api.w.org\/{rel}","templated":true}]}}