{"id":1285,"date":"2026-04-27T13:39:41","date_gmt":"2026-04-27T10:39:41","guid":{"rendered":"https:\/\/bssguvenlik.com.tr\/?page_id=1285"},"modified":"2026-04-27T15:36:15","modified_gmt":"2026-04-27T12:36:15","slug":"sertifika-egitimi","status":"publish","type":"page","link":"https:\/\/bssguvenlik.com.tr\/en\/sertifika-egitimi\/","title":{"rendered":"Certificate Training"},"content":{"rendered":"\t\t<div data-elementor-type=\"wp-page\" data-elementor-id=\"1285\" class=\"elementor elementor-1285\">\n\t\t\t\t\t\t\t\t\t<section class=\"elementor-section elementor-top-section elementor-element elementor-element-ad35b60 elementor-section-boxed elementor-section-height-default elementor-section-height-default\" data-id=\"ad35b60\" data-element_type=\"section\" data-settings=\"{&quot;background_background&quot;:&quot;classic&quot;}\">\n\t\t\t\t\t\t<div class=\"elementor-container elementor-column-gap-no\">\n\t\t\t\t\t<div class=\"elementor-column elementor-col-100 elementor-top-column elementor-element elementor-element-bc55070\" data-id=\"bc55070\" data-element_type=\"column\">\n\t\t\t<div class=\"elementor-widget-wrap elementor-element-populated\">\n\t\t\t\t\t\t\t\t<div class=\"elementor-element elementor-element-64c6c7b elementor-widget elementor-widget-image\" data-id=\"64c6c7b\" data-element_type=\"widget\" data-widget_type=\"image.default\">\n\t\t\t\t<div class=\"elementor-widget-container\">\n\t\t\t<style>\/*! elementor - v3.6.5 - 27-04-2022 *\/\n.elementor-widget-image{text-align:center}.elementor-widget-image a{display:inline-block}.elementor-widget-image a img[src$=\".svg\"]{width:48px}.elementor-widget-image img{vertical-align:middle;display:inline-block}<\/style>\t\t\t\t\t\t\t\t\t\t\t\t<img loading=\"lazy\" decoding=\"async\" width=\"2560\" height=\"1179\" src=\"https:\/\/bssguvenlik.com.tr\/wp-content\/uploads\/2026\/04\/sertifika-slider-1-scaled.png\" class=\"attachment-full size-full\" alt=\"\" srcset=\"https:\/\/bssguvenlik.com.tr\/wp-content\/uploads\/2026\/04\/sertifika-slider-1-scaled.png 2560w, https:\/\/bssguvenlik.com.tr\/wp-content\/uploads\/2026\/04\/sertifika-slider-1-300x138.png 300w, https:\/\/bssguvenlik.com.tr\/wp-content\/uploads\/2026\/04\/sertifika-slider-1-1024x472.png 1024w, https:\/\/bssguvenlik.com.tr\/wp-content\/uploads\/2026\/04\/sertifika-slider-1-768x354.png 768w, https:\/\/bssguvenlik.com.tr\/wp-content\/uploads\/2026\/04\/sertifika-slider-1-1536x708.png 1536w, https:\/\/bssguvenlik.com.tr\/wp-content\/uploads\/2026\/04\/sertifika-slider-1-2048x943.png 2048w, https:\/\/bssguvenlik.com.tr\/wp-content\/uploads\/2026\/04\/sertifika-slider-1-18x8.png 18w\" sizes=\"auto, (max-width: 2560px) 100vw, 2560px\" \/>\t\t\t\t\t\t\t\t\t\t\t\t\t\t\t<\/div>\n\t\t\t\t<\/div>\n\t\t\t\t\t<\/div>\n\t\t<\/div>\n\t\t\t\t\t\t\t<\/div>\n\t\t<\/section>\n\t\t\t\t<section class=\"elementor-section elementor-top-section elementor-element elementor-element-258512d elementor-section-boxed elementor-section-height-default elementor-section-height-default\" data-id=\"258512d\" data-element_type=\"section\" data-settings=\"{&quot;background_background&quot;:&quot;classic&quot;}\">\n\t\t\t\t\t\t<div class=\"elementor-container elementor-column-gap-default\">\n\t\t\t\t\t<div class=\"elementor-column elementor-col-50 elementor-top-column elementor-element elementor-element-6c7e8f7\" data-id=\"6c7e8f7\" data-element_type=\"column\">\n\t\t\t<div class=\"elementor-widget-wrap elementor-element-populated\">\n\t\t\t\t\t\t\t\t<div class=\"elementor-element elementor-element-129b239 elementor-widget elementor-widget-heading\" data-id=\"129b239\" data-element_type=\"widget\" data-widget_type=\"heading.default\">\n\t\t\t\t<div class=\"elementor-widget-container\">\n\t\t\t<style>\/*! elementor - v3.6.5 - 27-04-2022 *\/\n.elementor-heading-title{padding:0;margin:0;line-height:1}.elementor-widget-heading .elementor-heading-title[class*=elementor-size-]>a{color:inherit;font-size:inherit;line-height:inherit}.elementor-widget-heading .elementor-heading-title.elementor-size-small{font-size:15px}.elementor-widget-heading .elementor-heading-title.elementor-size-medium{font-size:19px}.elementor-widget-heading .elementor-heading-title.elementor-size-large{font-size:29px}.elementor-widget-heading .elementor-heading-title.elementor-size-xl{font-size:39px}.elementor-widget-heading .elementor-heading-title.elementor-size-xxl{font-size:59px}<\/style><h2 class=\"elementor-heading-title elementor-size-default\">Online Kay\u0131t<\/h2>\t\t<\/div>\n\t\t\t\t<\/div>\n\t\t\t\t<div class=\"elementor-element elementor-element-a20d391 elementor-widget elementor-widget-text-editor\" data-id=\"a20d391\" data-element_type=\"widget\" data-widget_type=\"text-editor.default\">\n\t\t\t\t<div class=\"elementor-widget-container\">\n\t\t\t<style>\/*! elementor - v3.6.5 - 27-04-2022 *\/\n.elementor-widget-text-editor.elementor-drop-cap-view-stacked .elementor-drop-cap{background-color:#818a91;color:#fff}.elementor-widget-text-editor.elementor-drop-cap-view-framed .elementor-drop-cap{color:#818a91;border:3px solid;background-color:transparent}.elementor-widget-text-editor:not(.elementor-drop-cap-view-default) .elementor-drop-cap{margin-top:8px}.elementor-widget-text-editor:not(.elementor-drop-cap-view-default) .elementor-drop-cap-letter{width:1em;height:1em}.elementor-widget-text-editor .elementor-drop-cap{float:left;text-align:center;line-height:1;font-size:50px}.elementor-widget-text-editor .elementor-drop-cap-letter{display:inline-block}<\/style>\t\t\t\t<p>BSS G\u00fcvenlik b\u00fcnyesindeki profesyonel hizmetlerden veya ekipman \u00e7\u00f6z\u00fcmlerinden yararlanmak i\u00e7in a\u015fa\u011f\u0131daki formu doldurarak kay\u0131t olu\u015fturabilir, projelerinize \u00f6zel g\u00fcvenlik s\u00fcre\u00e7lerini uzman ekibimizle birlikte hemen ba\u015flatabilirsiniz.<\/p>\t\t\t\t\t\t<\/div>\n\t\t\t\t<\/div>\n\t\t\t\t\t<\/div>\n\t\t<\/div>\n\t\t\t\t<div class=\"elementor-column elementor-col-50 elementor-top-column elementor-element elementor-element-35dd35e\" data-id=\"35dd35e\" data-element_type=\"column\">\n\t\t\t<div class=\"elementor-widget-wrap elementor-element-populated\">\n\t\t\t\t\t\t\t\t<div class=\"elementor-element elementor-element-73021c8 elementor-align-right elementor-widget elementor-widget-button\" data-id=\"73021c8\" data-element_type=\"widget\" data-widget_type=\"button.default\">\n\t\t\t\t<div class=\"elementor-widget-container\">\n\t\t\t\t\t<div class=\"elementor-button-wrapper\">\n\t\t\t<a href=\"https:\/\/bssguvenlik.com.tr\/online-kayit\/\" class=\"elementor-button-link elementor-button elementor-size-xl\" role=\"button\">\n\t\t\t\t\t\t<span class=\"elementor-button-content-wrapper\">\n\t\t\t\t\t\t<span class=\"elementor-button-text\">Hemen Kay\u0131t Ol!<\/span>\n\t\t<\/span>\n\t\t\t\t\t<\/a>\n\t\t<\/div>\n\t\t\t\t<\/div>\n\t\t\t\t<\/div>\n\t\t\t\t\t<\/div>\n\t\t<\/div>\n\t\t\t\t\t\t\t<\/div>\n\t\t<\/section>\n\t\t\t\t<section class=\"elementor-section elementor-top-section elementor-element elementor-element-bf3617f elementor-section-boxed elementor-section-height-default elementor-section-height-default\" data-id=\"bf3617f\" data-element_type=\"section\" data-settings=\"{&quot;shape_divider_top&quot;:&quot;triangle-asymmetrical&quot;}\">\n\t\t\t\t\t<div class=\"elementor-shape elementor-shape-top\" data-negative=\"false\">\n\t\t\t<svg xmlns=\"http:\/\/www.w3.org\/2000\/svg\" viewBox=\"0 0 1000 100\" preserveAspectRatio=\"none\">\n\t<path class=\"elementor-shape-fill\" d=\"M738,99l262-93V0H0v5.6L738,99z\"\/>\n<\/svg>\t\t<\/div>\n\t\t\t\t\t<div class=\"elementor-container elementor-column-gap-default\">\n\t\t\t\t\t<div class=\"elementor-column elementor-col-50 elementor-top-column elementor-element elementor-element-c26abcb\" data-id=\"c26abcb\" data-element_type=\"column\">\n\t\t\t<div class=\"elementor-widget-wrap elementor-element-populated\">\n\t\t\t\t\t\t\t\t<div class=\"elementor-element elementor-element-34ec438 elementor-widget elementor-widget-image\" data-id=\"34ec438\" data-element_type=\"widget\" data-widget_type=\"image.default\">\n\t\t\t\t<div class=\"elementor-widget-container\">\n\t\t\t\t\t\t\t\t\t\t\t\t\t\t\t<img loading=\"lazy\" decoding=\"async\" width=\"1715\" height=\"1141\" src=\"https:\/\/bssguvenlik.com.tr\/wp-content\/uploads\/2026\/04\/teorik-ve-uygulamali-egitim.jpg\" class=\"attachment-full size-full\" alt=\"\" srcset=\"https:\/\/bssguvenlik.com.tr\/wp-content\/uploads\/2026\/04\/teorik-ve-uygulamali-egitim.jpg 1715w, https:\/\/bssguvenlik.com.tr\/wp-content\/uploads\/2026\/04\/teorik-ve-uygulamali-egitim-300x200.jpg 300w, https:\/\/bssguvenlik.com.tr\/wp-content\/uploads\/2026\/04\/teorik-ve-uygulamali-egitim-1024x681.jpg 1024w, https:\/\/bssguvenlik.com.tr\/wp-content\/uploads\/2026\/04\/teorik-ve-uygulamali-egitim-768x511.jpg 768w, https:\/\/bssguvenlik.com.tr\/wp-content\/uploads\/2026\/04\/teorik-ve-uygulamali-egitim-1536x1022.jpg 1536w, https:\/\/bssguvenlik.com.tr\/wp-content\/uploads\/2026\/04\/teorik-ve-uygulamali-egitim-18x12.jpg 18w\" sizes=\"auto, (max-width: 1715px) 100vw, 1715px\" \/>\t\t\t\t\t\t\t\t\t\t\t\t\t\t\t<\/div>\n\t\t\t\t<\/div>\n\t\t\t\t\t<\/div>\n\t\t<\/div>\n\t\t\t\t<div class=\"elementor-column elementor-col-50 elementor-top-column elementor-element elementor-element-c384af8\" data-id=\"c384af8\" data-element_type=\"column\">\n\t\t\t<div class=\"elementor-widget-wrap elementor-element-populated\">\n\t\t\t\t\t\t\t\t<div class=\"elementor-element elementor-element-61a9747 elementor-widget elementor-widget-image\" data-id=\"61a9747\" data-element_type=\"widget\" data-widget_type=\"image.default\">\n\t\t\t\t<div class=\"elementor-widget-container\">\n\t\t\t\t\t\t\t\t\t\t\t\t\t\t\t<img loading=\"lazy\" decoding=\"async\" width=\"1851\" height=\"1219\" src=\"https:\/\/bssguvenlik.com.tr\/wp-content\/uploads\/2026\/04\/sertifika-kazanimlari.jpg\" class=\"attachment-full size-full\" alt=\"\" srcset=\"https:\/\/bssguvenlik.com.tr\/wp-content\/uploads\/2026\/04\/sertifika-kazanimlari.jpg 1851w, https:\/\/bssguvenlik.com.tr\/wp-content\/uploads\/2026\/04\/sertifika-kazanimlari-300x198.jpg 300w, https:\/\/bssguvenlik.com.tr\/wp-content\/uploads\/2026\/04\/sertifika-kazanimlari-1024x674.jpg 1024w, https:\/\/bssguvenlik.com.tr\/wp-content\/uploads\/2026\/04\/sertifika-kazanimlari-768x506.jpg 768w, https:\/\/bssguvenlik.com.tr\/wp-content\/uploads\/2026\/04\/sertifika-kazanimlari-1536x1012.jpg 1536w, https:\/\/bssguvenlik.com.tr\/wp-content\/uploads\/2026\/04\/sertifika-kazanimlari-18x12.jpg 18w\" sizes=\"auto, (max-width: 1851px) 100vw, 1851px\" \/>\t\t\t\t\t\t\t\t\t\t\t\t\t\t\t<\/div>\n\t\t\t\t<\/div>\n\t\t\t\t\t<\/div>\n\t\t<\/div>\n\t\t\t\t\t\t\t<\/div>\n\t\t<\/section>\n\t\t\t\t<section class=\"elementor-section elementor-top-section elementor-element elementor-element-a633ae2 elementor-section-boxed elementor-section-height-default elementor-section-height-default\" data-id=\"a633ae2\" data-element_type=\"section\">\n\t\t\t\t\t\t<div class=\"elementor-container elementor-column-gap-default\">\n\t\t\t\t\t<div class=\"elementor-column elementor-col-100 elementor-top-column elementor-element elementor-element-26f9772\" data-id=\"26f9772\" data-element_type=\"column\">\n\t\t\t<div class=\"elementor-widget-wrap elementor-element-populated\">\n\t\t\t\t\t\t\t\t<div class=\"elementor-element elementor-element-d709cb9 elementor-widget elementor-widget-image\" data-id=\"d709cb9\" data-element_type=\"widget\" data-widget_type=\"image.default\">\n\t\t\t\t<div class=\"elementor-widget-container\">\n\t\t\t\t\t\t\t\t\t\t\t\t\t\t\t<img loading=\"lazy\" decoding=\"async\" width=\"1557\" height=\"1038\" src=\"https:\/\/bssguvenlik.com.tr\/wp-content\/uploads\/2026\/04\/teorik-uygulamali.jpg\" class=\"attachment-full size-full\" alt=\"\" srcset=\"https:\/\/bssguvenlik.com.tr\/wp-content\/uploads\/2026\/04\/teorik-uygulamali.jpg 1557w, https:\/\/bssguvenlik.com.tr\/wp-content\/uploads\/2026\/04\/teorik-uygulamali-300x200.jpg 300w, https:\/\/bssguvenlik.com.tr\/wp-content\/uploads\/2026\/04\/teorik-uygulamali-1024x683.jpg 1024w, https:\/\/bssguvenlik.com.tr\/wp-content\/uploads\/2026\/04\/teorik-uygulamali-768x512.jpg 768w, https:\/\/bssguvenlik.com.tr\/wp-content\/uploads\/2026\/04\/teorik-uygulamali-1536x1024.jpg 1536w, https:\/\/bssguvenlik.com.tr\/wp-content\/uploads\/2026\/04\/teorik-uygulamali-18x12.jpg 18w\" sizes=\"auto, (max-width: 1557px) 100vw, 1557px\" \/>\t\t\t\t\t\t\t\t\t\t\t\t\t\t\t<\/div>\n\t\t\t\t<\/div>\n\t\t\t\t\t<\/div>\n\t\t<\/div>\n\t\t\t\t\t\t\t<\/div>\n\t\t<\/section>\n\t\t\t\t\t\t\t<\/div>\n\t\t","protected":false},"excerpt":{"rendered":"<p>Online Kay\u0131t BSS G\u00fcvenlik b\u00fcnyesindeki profesyonel hizmetlerden veya ekipman \u00e7\u00f6z\u00fcmlerinden yararlanmak i\u00e7in a\u015fa\u011f\u0131daki formu doldurarak kay\u0131t olu\u015fturabilir, projelerinize \u00f6zel g\u00fcvenlik s\u00fcre\u00e7lerini uzman ekibimizle birlikte hemen ba\u015flatabilirsiniz. Hemen Kay\u0131t Ol!<\/p>","protected":false},"author":2,"featured_media":0,"parent":0,"menu_order":0,"comment_status":"closed","ping_status":"closed","template":"elementor_header_footer","meta":{"_joinchat":[],"footnotes":""},"class_list":["post-1285","page","type-page","status-publish","hentry"],"yoast_head":"<!-- This site is optimized with the Yoast SEO plugin v27.4 - https:\/\/yoast.com\/product\/yoast-seo-wordpress\/ -->\n<title>Sertifika E\u011fitimi - BSS G\u00fcvenlik Sistemleri<\/title>\n<meta name=\"robots\" content=\"index, follow, max-snippet:-1, max-image-preview:large, max-video-preview:-1\" \/>\n<link rel=\"canonical\" href=\"https:\/\/bssguvenlik.com.tr\/en\/sertifika-egitimi\/\" \/>\n<meta property=\"og:locale\" content=\"en_GB\" \/>\n<meta property=\"og:type\" content=\"article\" \/>\n<meta property=\"og:title\" content=\"Sertifika E\u011fitimi - BSS G\u00fcvenlik Sistemleri\" \/>\n<meta property=\"og:description\" content=\"Online Kay\u0131t BSS G\u00fcvenlik b\u00fcnyesindeki profesyonel hizmetlerden veya ekipman \u00e7\u00f6z\u00fcmlerinden yararlanmak i\u00e7in a\u015fa\u011f\u0131daki formu doldurarak kay\u0131t olu\u015fturabilir, projelerinize \u00f6zel g\u00fcvenlik s\u00fcre\u00e7lerini uzman ekibimizle birlikte hemen ba\u015flatabilirsiniz. Hemen Kay\u0131t Ol!\" \/>\n<meta property=\"og:url\" content=\"https:\/\/bssguvenlik.com.tr\/en\/sertifika-egitimi\/\" \/>\n<meta property=\"og:site_name\" content=\"BSS G\u00fcvenlik Sistemleri\" \/>\n<meta property=\"article:modified_time\" content=\"2026-04-27T12:36:15+00:00\" \/>\n<meta property=\"og:image\" content=\"https:\/\/bssguvenlik.com.tr\/wp-content\/uploads\/2026\/04\/sertifika-slider-1-scaled.png\" \/>\n<meta name=\"twitter:card\" content=\"summary_large_image\" \/>\n<meta name=\"twitter:label1\" content=\"Est. reading time\" \/>\n\t<meta name=\"twitter:data1\" content=\"1 minute\" \/>\n<script type=\"application\/ld+json\" class=\"yoast-schema-graph\">{\"@context\":\"https:\\\/\\\/schema.org\",\"@graph\":[{\"@type\":\"WebPage\",\"@id\":\"https:\\\/\\\/bssguvenlik.com.tr\\\/sertifika-egitimi\\\/\",\"url\":\"https:\\\/\\\/bssguvenlik.com.tr\\\/sertifika-egitimi\\\/\",\"name\":\"Sertifika E\u011fitimi - BSS G\u00fcvenlik Sistemleri\",\"isPartOf\":{\"@id\":\"https:\\\/\\\/bssguvenlik.com.tr\\\/#website\"},\"primaryImageOfPage\":{\"@id\":\"https:\\\/\\\/bssguvenlik.com.tr\\\/sertifika-egitimi\\\/#primaryimage\"},\"image\":{\"@id\":\"https:\\\/\\\/bssguvenlik.com.tr\\\/sertifika-egitimi\\\/#primaryimage\"},\"thumbnailUrl\":\"https:\\\/\\\/bssguvenlik.com.tr\\\/wp-content\\\/uploads\\\/2026\\\/04\\\/sertifika-slider-1-scaled.png\",\"datePublished\":\"2026-04-27T10:39:41+00:00\",\"dateModified\":\"2026-04-27T12:36:15+00:00\",\"breadcrumb\":{\"@id\":\"https:\\\/\\\/bssguvenlik.com.tr\\\/sertifika-egitimi\\\/#breadcrumb\"},\"inLanguage\":\"en-GB\",\"potentialAction\":[{\"@type\":\"ReadAction\",\"target\":[\"https:\\\/\\\/bssguvenlik.com.tr\\\/sertifika-egitimi\\\/\"]}]},{\"@type\":\"ImageObject\",\"inLanguage\":\"en-GB\",\"@id\":\"https:\\\/\\\/bssguvenlik.com.tr\\\/sertifika-egitimi\\\/#primaryimage\",\"url\":\"https:\\\/\\\/bssguvenlik.com.tr\\\/wp-content\\\/uploads\\\/2026\\\/04\\\/sertifika-slider-1-scaled.png\",\"contentUrl\":\"https:\\\/\\\/bssguvenlik.com.tr\\\/wp-content\\\/uploads\\\/2026\\\/04\\\/sertifika-slider-1-scaled.png\"},{\"@type\":\"BreadcrumbList\",\"@id\":\"https:\\\/\\\/bssguvenlik.com.tr\\\/sertifika-egitimi\\\/#breadcrumb\",\"itemListElement\":[{\"@type\":\"ListItem\",\"position\":1,\"name\":\"Anasayfa\",\"item\":\"https:\\\/\\\/bssguvenlik.com.tr\\\/\"},{\"@type\":\"ListItem\",\"position\":2,\"name\":\"Sertifika E\u011fitimi\"}]},{\"@type\":\"WebSite\",\"@id\":\"https:\\\/\\\/bssguvenlik.com.tr\\\/#website\",\"url\":\"https:\\\/\\\/bssguvenlik.com.tr\\\/\",\"name\":\"BSS G\u00fcvenlik Sistemleri\",\"description\":\"X-Ray Cihazlar\u0131, Metal Kap\u0131 Dedekt\u00f6rleri, Ara\u00e7 Tarama Cihazlar\u0131\",\"publisher\":{\"@id\":\"https:\\\/\\\/bssguvenlik.com.tr\\\/#organization\"},\"potentialAction\":[{\"@type\":\"SearchAction\",\"target\":{\"@type\":\"EntryPoint\",\"urlTemplate\":\"https:\\\/\\\/bssguvenlik.com.tr\\\/?s={search_term_string}\"},\"query-input\":{\"@type\":\"PropertyValueSpecification\",\"valueRequired\":true,\"valueName\":\"search_term_string\"}}],\"inLanguage\":\"en-GB\"},{\"@type\":\"Organization\",\"@id\":\"https:\\\/\\\/bssguvenlik.com.tr\\\/#organization\",\"name\":\"BSS G\u00fcvenlik Sistemleri\",\"url\":\"https:\\\/\\\/bssguvenlik.com.tr\\\/\",\"logo\":{\"@type\":\"ImageObject\",\"inLanguage\":\"en-GB\",\"@id\":\"https:\\\/\\\/bssguvenlik.com.tr\\\/#\\\/schema\\\/logo\\\/image\\\/\",\"url\":\"https:\\\/\\\/bssguvenlik.com.tr\\\/wp-content\\\/uploads\\\/2026\\\/03\\\/logo-turuncu.png\",\"contentUrl\":\"https:\\\/\\\/bssguvenlik.com.tr\\\/wp-content\\\/uploads\\\/2026\\\/03\\\/logo-turuncu.png\",\"width\":388,\"height\":238,\"caption\":\"BSS G\u00fcvenlik Sistemleri\"},\"image\":{\"@id\":\"https:\\\/\\\/bssguvenlik.com.tr\\\/#\\\/schema\\\/logo\\\/image\\\/\"}}]}<\/script>\n<!-- \/ Yoast SEO plugin. -->","yoast_head_json":{"title":"Sertifika E\u011fitimi - BSS G\u00fcvenlik Sistemleri","robots":{"index":"index","follow":"follow","max-snippet":"max-snippet:-1","max-image-preview":"max-image-preview:large","max-video-preview":"max-video-preview:-1"},"canonical":"https:\/\/bssguvenlik.com.tr\/en\/sertifika-egitimi\/","og_locale":"en_GB","og_type":"article","og_title":"Sertifika E\u011fitimi - BSS G\u00fcvenlik Sistemleri","og_description":"Online Kay\u0131t BSS G\u00fcvenlik b\u00fcnyesindeki profesyonel hizmetlerden veya ekipman \u00e7\u00f6z\u00fcmlerinden yararlanmak i\u00e7in a\u015fa\u011f\u0131daki formu doldurarak kay\u0131t olu\u015fturabilir, projelerinize \u00f6zel g\u00fcvenlik s\u00fcre\u00e7lerini uzman ekibimizle birlikte hemen ba\u015flatabilirsiniz. Hemen Kay\u0131t Ol!","og_url":"https:\/\/bssguvenlik.com.tr\/en\/sertifika-egitimi\/","og_site_name":"BSS G\u00fcvenlik Sistemleri","article_modified_time":"2026-04-27T12:36:15+00:00","og_image":[{"url":"https:\/\/bssguvenlik.com.tr\/wp-content\/uploads\/2026\/04\/sertifika-slider-1-scaled.png","type":"","width":"","height":""}],"twitter_card":"summary_large_image","twitter_misc":{"Est. reading time":"1 minute"},"schema":{"@context":"https:\/\/schema.org","@graph":[{"@type":"WebPage","@id":"https:\/\/bssguvenlik.com.tr\/sertifika-egitimi\/","url":"https:\/\/bssguvenlik.com.tr\/sertifika-egitimi\/","name":"Sertifika E\u011fitimi - BSS G\u00fcvenlik Sistemleri","isPartOf":{"@id":"https:\/\/bssguvenlik.com.tr\/#website"},"primaryImageOfPage":{"@id":"https:\/\/bssguvenlik.com.tr\/sertifika-egitimi\/#primaryimage"},"image":{"@id":"https:\/\/bssguvenlik.com.tr\/sertifika-egitimi\/#primaryimage"},"thumbnailUrl":"https:\/\/bssguvenlik.com.tr\/wp-content\/uploads\/2026\/04\/sertifika-slider-1-scaled.png","datePublished":"2026-04-27T10:39:41+00:00","dateModified":"2026-04-27T12:36:15+00:00","breadcrumb":{"@id":"https:\/\/bssguvenlik.com.tr\/sertifika-egitimi\/#breadcrumb"},"inLanguage":"en-GB","potentialAction":[{"@type":"ReadAction","target":["https:\/\/bssguvenlik.com.tr\/sertifika-egitimi\/"]}]},{"@type":"ImageObject","inLanguage":"en-GB","@id":"https:\/\/bssguvenlik.com.tr\/sertifika-egitimi\/#primaryimage","url":"https:\/\/bssguvenlik.com.tr\/wp-content\/uploads\/2026\/04\/sertifika-slider-1-scaled.png","contentUrl":"https:\/\/bssguvenlik.com.tr\/wp-content\/uploads\/2026\/04\/sertifika-slider-1-scaled.png"},{"@type":"BreadcrumbList","@id":"https:\/\/bssguvenlik.com.tr\/sertifika-egitimi\/#breadcrumb","itemListElement":[{"@type":"ListItem","position":1,"name":"Anasayfa","item":"https:\/\/bssguvenlik.com.tr\/"},{"@type":"ListItem","position":2,"name":"Sertifika E\u011fitimi"}]},{"@type":"WebSite","@id":"https:\/\/bssguvenlik.com.tr\/#website","url":"https:\/\/bssguvenlik.com.tr\/","name":"Wellcome to","description":"X-Ray Cihazlar\u0131, Metal Kap\u0131 Dedekt\u00f6rleri, Ara\u00e7 Tarama Cihazlar\u0131","publisher":{"@id":"https:\/\/bssguvenlik.com.tr\/#organization"},"potentialAction":[{"@type":"SearchAction","target":{"@type":"EntryPoint","urlTemplate":"https:\/\/bssguvenlik.com.tr\/?s={search_term_string}"},"query-input":{"@type":"PropertyValueSpecification","valueRequired":true,"valueName":"search_term_string"}}],"inLanguage":"en-GB"},{"@type":"Organization","@id":"https:\/\/bssguvenlik.com.tr\/#organization","name":"Wellcome to","url":"https:\/\/bssguvenlik.com.tr\/","logo":{"@type":"ImageObject","inLanguage":"en-GB","@id":"https:\/\/bssguvenlik.com.tr\/#\/schema\/logo\/image\/","url":"https:\/\/bssguvenlik.com.tr\/wp-content\/uploads\/2026\/03\/logo-turuncu.png","contentUrl":"https:\/\/bssguvenlik.com.tr\/wp-content\/uploads\/2026\/03\/logo-turuncu.png","width":388,"height":238,"caption":"BSS G\u00fcvenlik Sistemleri"},"image":{"@id":"https:\/\/bssguvenlik.com.tr\/#\/schema\/logo\/image\/"}}]}},"_links":{"self":[{"href":"https:\/\/bssguvenlik.com.tr\/en\/wp-json\/wp\/v2\/pages\/1285","targetHints":{"allow":["GET"]}}],"collection":[{"href":"https:\/\/bssguvenlik.com.tr\/en\/wp-json\/wp\/v2\/pages"}],"about":[{"href":"https:\/\/bssguvenlik.com.tr\/en\/wp-json\/wp\/v2\/types\/page"}],"author":[{"embeddable":true,"href":"https:\/\/bssguvenlik.com.tr\/en\/wp-json\/wp\/v2\/users\/2"}],"replies":[{"embeddable":true,"href":"https:\/\/bssguvenlik.com.tr\/en\/wp-json\/wp\/v2\/comments?post=1285"}],"version-history":[{"count":10,"href":"https:\/\/bssguvenlik.com.tr\/en\/wp-json\/wp\/v2\/pages\/1285\/revisions"}],"predecessor-version":[{"id":1366,"href":"https:\/\/bssguvenlik.com.tr\/en\/wp-json\/wp\/v2\/pages\/1285\/revisions\/1366"}],"wp:attachment":[{"href":"https:\/\/bssguvenlik.com.tr\/en\/wp-json\/wp\/v2\/media?parent=1285"}],"curies":[{"name":"wp","href":"https:\/\/api.w.org\/{rel}","templated":true}]}}