{"id":126,"date":"2019-01-31T14:16:16","date_gmt":"2019-01-31T12:16:16","guid":{"rendered":"http:\/\/bssguvenlik.com.tr\/?page_id=126"},"modified":"2026-04-18T17:09:03","modified_gmt":"2026-04-18T14:09:03","slug":"bakim-onarim","status":"publish","type":"page","link":"https:\/\/bssguvenlik.com.tr\/en\/hizmetlerimiz\/bakim-onarim\/","title":{"rendered":"Maintenance &amp; Repair"},"content":{"rendered":"<p><img loading=\"lazy\" decoding=\"async\" class=\"alignnone size-medium wp-image-127\" src=\"http:\/\/bssguvenlik.com.tr\/wp-content\/uploads\/2019\/01\/call-center-best-practices-300x200.jpg\" alt=\"\" width=\"300\" height=\"200\" srcset=\"https:\/\/bssguvenlik.com.tr\/wp-content\/uploads\/2019\/01\/call-center-best-practices-300x200.jpg 300w, https:\/\/bssguvenlik.com.tr\/wp-content\/uploads\/2019\/01\/call-center-best-practices.jpg 640w\" sizes=\"auto, (max-width: 300px) 100vw, 300px\" \/><\/p>\n<p>&nbsp;<\/p>\n<p>BSS her ihtiya\u00e7 duydu\u011funuzda sizinle<\/p>\n<p>Sat\u0131\u015f sonras\u0131 teknik destek i\u00e7in haz\u0131rlanm\u0131\u015f \u00f6zel ekibimiz ile kurulum, e\u011fitim gibi hizmetlerin yan\u0131 s\u0131ra olas\u0131 sorunlar\u0131n\u0131za da h\u0131zl\u0131 destek sa\u011fl\u0131yoruz. \u00dcr\u00fcn yelpazemizin geni\u015f olmas\u0131, sat\u0131\u015f ve kiralama sonras\u0131 teknik servis hizmetimizle h\u0131zl\u0131 destek verebiliyor olmam\u0131z b\u00fcy\u00fck avantaj yarat\u0131yor ve di\u011fer firmalardan farkl\u0131la\u015fmam\u0131z\u0131 sa\u011fl\u0131yor.<\/p>","protected":false},"excerpt":{"rendered":"<p>&nbsp; BSS her ihtiya\u00e7 duydu\u011funuzda sizinle Sat\u0131\u015f sonras\u0131 teknik destek i\u00e7in haz\u0131rlanm\u0131\u015f \u00f6zel ekibimiz ile kurulum, e\u011fitim gibi hizmetlerin yan\u0131 s\u0131ra olas\u0131 sorunlar\u0131n\u0131za da h\u0131zl\u0131 destek sa\u011fl\u0131yoruz. \u00dcr\u00fcn yelpazemizin geni\u015f olmas\u0131, sat\u0131\u015f ve kiralama sonras\u0131 teknik servis hizmetimizle h\u0131zl\u0131 destek verebiliyor olmam\u0131z b\u00fcy\u00fck avantaj yarat\u0131yor ve di\u011fer firmalardan farkl\u0131la\u015fmam\u0131z\u0131 sa\u011fl\u0131yor.<\/p>","protected":false},"author":3,"featured_media":0,"parent":12,"menu_order":0,"comment_status":"closed","ping_status":"closed","template":"","meta":{"_joinchat":[],"footnotes":""},"class_list":["post-126","page","type-page","status-publish","hentry"],"yoast_head":"<!-- This site is optimized with the Yoast SEO plugin v27.4 - https:\/\/yoast.com\/product\/yoast-seo-wordpress\/ -->\n<title>Bak\u0131m &amp; Onar\u0131m - BSS G\u00fcvenlik Sistemleri<\/title>\n<meta name=\"robots\" content=\"index, follow, max-snippet:-1, max-image-preview:large, max-video-preview:-1\" \/>\n<link rel=\"canonical\" href=\"https:\/\/bssguvenlik.com.tr\/en\/hizmetlerimiz\/bakim-onarim\/\" \/>\n<meta property=\"og:locale\" content=\"en_GB\" \/>\n<meta property=\"og:type\" content=\"article\" \/>\n<meta property=\"og:title\" content=\"Bak\u0131m &amp; Onar\u0131m - BSS G\u00fcvenlik Sistemleri\" \/>\n<meta property=\"og:description\" content=\"&nbsp; BSS her ihtiya\u00e7 duydu\u011funuzda sizinle Sat\u0131\u015f sonras\u0131 teknik destek i\u00e7in haz\u0131rlanm\u0131\u015f \u00f6zel ekibimiz ile kurulum, e\u011fitim gibi hizmetlerin yan\u0131 s\u0131ra olas\u0131 sorunlar\u0131n\u0131za da h\u0131zl\u0131 destek sa\u011fl\u0131yoruz. \u00dcr\u00fcn yelpazemizin geni\u015f olmas\u0131, sat\u0131\u015f ve kiralama sonras\u0131 teknik servis hizmetimizle h\u0131zl\u0131 destek verebiliyor olmam\u0131z b\u00fcy\u00fck avantaj yarat\u0131yor ve di\u011fer firmalardan farkl\u0131la\u015fmam\u0131z\u0131 sa\u011fl\u0131yor.\" \/>\n<meta property=\"og:url\" content=\"https:\/\/bssguvenlik.com.tr\/en\/hizmetlerimiz\/bakim-onarim\/\" \/>\n<meta property=\"og:site_name\" content=\"BSS G\u00fcvenlik Sistemleri\" \/>\n<meta property=\"article:modified_time\" content=\"2026-04-18T14:09:03+00:00\" \/>\n<meta property=\"og:image\" content=\"http:\/\/bssguvenlik.com.tr\/wp-content\/uploads\/2019\/01\/call-center-best-practices-300x200.jpg\" \/>\n<meta name=\"twitter:card\" content=\"summary_large_image\" \/>\n<script type=\"application\/ld+json\" class=\"yoast-schema-graph\">{\"@context\":\"https:\\\/\\\/schema.org\",\"@graph\":[{\"@type\":\"WebPage\",\"@id\":\"https:\\\/\\\/bssguvenlik.com.tr\\\/hizmetlerimiz\\\/bakim-onarim\\\/\",\"url\":\"https:\\\/\\\/bssguvenlik.com.tr\\\/hizmetlerimiz\\\/bakim-onarim\\\/\",\"name\":\"Bak\u0131m & Onar\u0131m - BSS G\u00fcvenlik Sistemleri\",\"isPartOf\":{\"@id\":\"https:\\\/\\\/bssguvenlik.com.tr\\\/#website\"},\"primaryImageOfPage\":{\"@id\":\"https:\\\/\\\/bssguvenlik.com.tr\\\/hizmetlerimiz\\\/bakim-onarim\\\/#primaryimage\"},\"image\":{\"@id\":\"https:\\\/\\\/bssguvenlik.com.tr\\\/hizmetlerimiz\\\/bakim-onarim\\\/#primaryimage\"},\"thumbnailUrl\":\"http:\\\/\\\/bssguvenlik.com.tr\\\/wp-content\\\/uploads\\\/2019\\\/01\\\/call-center-best-practices-300x200.jpg\",\"datePublished\":\"2019-01-31T12:16:16+00:00\",\"dateModified\":\"2026-04-18T14:09:03+00:00\",\"breadcrumb\":{\"@id\":\"https:\\\/\\\/bssguvenlik.com.tr\\\/hizmetlerimiz\\\/bakim-onarim\\\/#breadcrumb\"},\"inLanguage\":\"en-GB\",\"potentialAction\":[{\"@type\":\"ReadAction\",\"target\":[\"https:\\\/\\\/bssguvenlik.com.tr\\\/hizmetlerimiz\\\/bakim-onarim\\\/\"]}]},{\"@type\":\"ImageObject\",\"inLanguage\":\"en-GB\",\"@id\":\"https:\\\/\\\/bssguvenlik.com.tr\\\/hizmetlerimiz\\\/bakim-onarim\\\/#primaryimage\",\"url\":\"http:\\\/\\\/bssguvenlik.com.tr\\\/wp-content\\\/uploads\\\/2019\\\/01\\\/call-center-best-practices-300x200.jpg\",\"contentUrl\":\"http:\\\/\\\/bssguvenlik.com.tr\\\/wp-content\\\/uploads\\\/2019\\\/01\\\/call-center-best-practices-300x200.jpg\"},{\"@type\":\"BreadcrumbList\",\"@id\":\"https:\\\/\\\/bssguvenlik.com.tr\\\/hizmetlerimiz\\\/bakim-onarim\\\/#breadcrumb\",\"itemListElement\":[{\"@type\":\"ListItem\",\"position\":1,\"name\":\"Anasayfa\",\"item\":\"https:\\\/\\\/bssguvenlik.com.tr\\\/\"},{\"@type\":\"ListItem\",\"position\":2,\"name\":\"Hizmetlerimiz\",\"item\":\"https:\\\/\\\/bssguvenlik.com.tr\\\/hizmetlerimiz\\\/\"},{\"@type\":\"ListItem\",\"position\":3,\"name\":\"Bak\u0131m &#038; Onar\u0131m\"}]},{\"@type\":\"WebSite\",\"@id\":\"https:\\\/\\\/bssguvenlik.com.tr\\\/#website\",\"url\":\"https:\\\/\\\/bssguvenlik.com.tr\\\/\",\"name\":\"BSS G\u00fcvenlik Sistemleri\",\"description\":\"X-Ray Cihazlar\u0131, Metal Kap\u0131 Dedekt\u00f6rleri, Ara\u00e7 Tarama Cihazlar\u0131\",\"publisher\":{\"@id\":\"https:\\\/\\\/bssguvenlik.com.tr\\\/#organization\"},\"potentialAction\":[{\"@type\":\"SearchAction\",\"target\":{\"@type\":\"EntryPoint\",\"urlTemplate\":\"https:\\\/\\\/bssguvenlik.com.tr\\\/?s={search_term_string}\"},\"query-input\":{\"@type\":\"PropertyValueSpecification\",\"valueRequired\":true,\"valueName\":\"search_term_string\"}}],\"inLanguage\":\"en-GB\"},{\"@type\":\"Organization\",\"@id\":\"https:\\\/\\\/bssguvenlik.com.tr\\\/#organization\",\"name\":\"BSS G\u00fcvenlik Sistemleri\",\"url\":\"https:\\\/\\\/bssguvenlik.com.tr\\\/\",\"logo\":{\"@type\":\"ImageObject\",\"inLanguage\":\"en-GB\",\"@id\":\"https:\\\/\\\/bssguvenlik.com.tr\\\/#\\\/schema\\\/logo\\\/image\\\/\",\"url\":\"https:\\\/\\\/bssguvenlik.com.tr\\\/wp-content\\\/uploads\\\/2026\\\/03\\\/logo-turuncu.png\",\"contentUrl\":\"https:\\\/\\\/bssguvenlik.com.tr\\\/wp-content\\\/uploads\\\/2026\\\/03\\\/logo-turuncu.png\",\"width\":388,\"height\":238,\"caption\":\"BSS G\u00fcvenlik Sistemleri\"},\"image\":{\"@id\":\"https:\\\/\\\/bssguvenlik.com.tr\\\/#\\\/schema\\\/logo\\\/image\\\/\"}}]}<\/script>\n<!-- \/ Yoast SEO plugin. -->","yoast_head_json":{"title":"Bak\u0131m & Onar\u0131m - BSS G\u00fcvenlik Sistemleri","robots":{"index":"index","follow":"follow","max-snippet":"max-snippet:-1","max-image-preview":"max-image-preview:large","max-video-preview":"max-video-preview:-1"},"canonical":"https:\/\/bssguvenlik.com.tr\/en\/hizmetlerimiz\/bakim-onarim\/","og_locale":"en_GB","og_type":"article","og_title":"Bak\u0131m & Onar\u0131m - BSS G\u00fcvenlik Sistemleri","og_description":"&nbsp; BSS her ihtiya\u00e7 duydu\u011funuzda sizinle Sat\u0131\u015f sonras\u0131 teknik destek i\u00e7in haz\u0131rlanm\u0131\u015f \u00f6zel ekibimiz ile kurulum, e\u011fitim gibi hizmetlerin yan\u0131 s\u0131ra olas\u0131 sorunlar\u0131n\u0131za da h\u0131zl\u0131 destek sa\u011fl\u0131yoruz. \u00dcr\u00fcn yelpazemizin geni\u015f olmas\u0131, sat\u0131\u015f ve kiralama sonras\u0131 teknik servis hizmetimizle h\u0131zl\u0131 destek verebiliyor olmam\u0131z b\u00fcy\u00fck avantaj yarat\u0131yor ve di\u011fer firmalardan farkl\u0131la\u015fmam\u0131z\u0131 sa\u011fl\u0131yor.","og_url":"https:\/\/bssguvenlik.com.tr\/en\/hizmetlerimiz\/bakim-onarim\/","og_site_name":"BSS G\u00fcvenlik Sistemleri","article_modified_time":"2026-04-18T14:09:03+00:00","og_image":[{"url":"http:\/\/bssguvenlik.com.tr\/wp-content\/uploads\/2019\/01\/call-center-best-practices-300x200.jpg","type":"","width":"","height":""}],"twitter_card":"summary_large_image","schema":{"@context":"https:\/\/schema.org","@graph":[{"@type":"WebPage","@id":"https:\/\/bssguvenlik.com.tr\/hizmetlerimiz\/bakim-onarim\/","url":"https:\/\/bssguvenlik.com.tr\/hizmetlerimiz\/bakim-onarim\/","name":"Bak\u0131m & Onar\u0131m - BSS G\u00fcvenlik Sistemleri","isPartOf":{"@id":"https:\/\/bssguvenlik.com.tr\/#website"},"primaryImageOfPage":{"@id":"https:\/\/bssguvenlik.com.tr\/hizmetlerimiz\/bakim-onarim\/#primaryimage"},"image":{"@id":"https:\/\/bssguvenlik.com.tr\/hizmetlerimiz\/bakim-onarim\/#primaryimage"},"thumbnailUrl":"http:\/\/bssguvenlik.com.tr\/wp-content\/uploads\/2019\/01\/call-center-best-practices-300x200.jpg","datePublished":"2019-01-31T12:16:16+00:00","dateModified":"2026-04-18T14:09:03+00:00","breadcrumb":{"@id":"https:\/\/bssguvenlik.com.tr\/hizmetlerimiz\/bakim-onarim\/#breadcrumb"},"inLanguage":"en-GB","potentialAction":[{"@type":"ReadAction","target":["https:\/\/bssguvenlik.com.tr\/hizmetlerimiz\/bakim-onarim\/"]}]},{"@type":"ImageObject","inLanguage":"en-GB","@id":"https:\/\/bssguvenlik.com.tr\/hizmetlerimiz\/bakim-onarim\/#primaryimage","url":"http:\/\/bssguvenlik.com.tr\/wp-content\/uploads\/2019\/01\/call-center-best-practices-300x200.jpg","contentUrl":"http:\/\/bssguvenlik.com.tr\/wp-content\/uploads\/2019\/01\/call-center-best-practices-300x200.jpg"},{"@type":"BreadcrumbList","@id":"https:\/\/bssguvenlik.com.tr\/hizmetlerimiz\/bakim-onarim\/#breadcrumb","itemListElement":[{"@type":"ListItem","position":1,"name":"Anasayfa","item":"https:\/\/bssguvenlik.com.tr\/"},{"@type":"ListItem","position":2,"name":"Hizmetlerimiz","item":"https:\/\/bssguvenlik.com.tr\/hizmetlerimiz\/"},{"@type":"ListItem","position":3,"name":"Bak\u0131m &#038; Onar\u0131m"}]},{"@type":"WebSite","@id":"https:\/\/bssguvenlik.com.tr\/#website","url":"https:\/\/bssguvenlik.com.tr\/","name":"Wellcome to","description":"X-Ray Cihazlar\u0131, Metal Kap\u0131 Dedekt\u00f6rleri, Ara\u00e7 Tarama Cihazlar\u0131","publisher":{"@id":"https:\/\/bssguvenlik.com.tr\/#organization"},"potentialAction":[{"@type":"SearchAction","target":{"@type":"EntryPoint","urlTemplate":"https:\/\/bssguvenlik.com.tr\/?s={search_term_string}"},"query-input":{"@type":"PropertyValueSpecification","valueRequired":true,"valueName":"search_term_string"}}],"inLanguage":"en-GB"},{"@type":"Organization","@id":"https:\/\/bssguvenlik.com.tr\/#organization","name":"Wellcome to","url":"https:\/\/bssguvenlik.com.tr\/","logo":{"@type":"ImageObject","inLanguage":"en-GB","@id":"https:\/\/bssguvenlik.com.tr\/#\/schema\/logo\/image\/","url":"https:\/\/bssguvenlik.com.tr\/wp-content\/uploads\/2026\/03\/logo-turuncu.png","contentUrl":"https:\/\/bssguvenlik.com.tr\/wp-content\/uploads\/2026\/03\/logo-turuncu.png","width":388,"height":238,"caption":"BSS G\u00fcvenlik Sistemleri"},"image":{"@id":"https:\/\/bssguvenlik.com.tr\/#\/schema\/logo\/image\/"}}]}},"_links":{"self":[{"href":"https:\/\/bssguvenlik.com.tr\/en\/wp-json\/wp\/v2\/pages\/126","targetHints":{"allow":["GET"]}}],"collection":[{"href":"https:\/\/bssguvenlik.com.tr\/en\/wp-json\/wp\/v2\/pages"}],"about":[{"href":"https:\/\/bssguvenlik.com.tr\/en\/wp-json\/wp\/v2\/types\/page"}],"author":[{"embeddable":true,"href":"https:\/\/bssguvenlik.com.tr\/en\/wp-json\/wp\/v2\/users\/3"}],"replies":[{"embeddable":true,"href":"https:\/\/bssguvenlik.com.tr\/en\/wp-json\/wp\/v2\/comments?post=126"}],"version-history":[{"count":2,"href":"https:\/\/bssguvenlik.com.tr\/en\/wp-json\/wp\/v2\/pages\/126\/revisions"}],"predecessor-version":[{"id":444,"href":"https:\/\/bssguvenlik.com.tr\/en\/wp-json\/wp\/v2\/pages\/126\/revisions\/444"}],"up":[{"embeddable":true,"href":"https:\/\/bssguvenlik.com.tr\/en\/wp-json\/wp\/v2\/pages\/12"}],"wp:attachment":[{"href":"https:\/\/bssguvenlik.com.tr\/en\/wp-json\/wp\/v2\/media?parent=126"}],"curies":[{"name":"wp","href":"https:\/\/api.w.org\/{rel}","templated":true}]}}