{"id":124,"date":"2019-01-31T14:14:31","date_gmt":"2019-01-31T12:14:31","guid":{"rendered":"http:\/\/bssguvenlik.com.tr\/?page_id=124"},"modified":"2026-04-20T17:09:16","modified_gmt":"2026-04-20T14:09:16","slug":"kiralama","status":"publish","type":"page","link":"https:\/\/bssguvenlik.com.tr\/en\/hizmetlerimiz\/kiralama\/","title":{"rendered":"Rental"},"content":{"rendered":"\t\t<div data-elementor-type=\"wp-page\" data-elementor-id=\"124\" class=\"elementor elementor-124\">\n\t\t\t\t\t\t\t\t\t<section class=\"elementor-section elementor-top-section elementor-element elementor-element-495a186 elementor-section-boxed elementor-section-height-default elementor-section-height-default\" data-id=\"495a186\" data-element_type=\"section\" data-settings=\"{&quot;background_background&quot;:&quot;classic&quot;}\">\n\t\t\t\t\t\t\t<div class=\"elementor-background-overlay\"><\/div>\n\t\t\t\t\t\t\t<div class=\"elementor-container elementor-column-gap-default\">\n\t\t\t\t\t<div class=\"elementor-column elementor-col-100 elementor-top-column elementor-element elementor-element-252ad0a\" data-id=\"252ad0a\" data-element_type=\"column\">\n\t\t\t<div class=\"elementor-widget-wrap elementor-element-populated\">\n\t\t\t\t\t\t\t\t<div class=\"elementor-element elementor-element-53b8490 elementor-widget elementor-widget-heading\" data-id=\"53b8490\" data-element_type=\"widget\" data-widget_type=\"heading.default\">\n\t\t\t\t<div class=\"elementor-widget-container\">\n\t\t\t<style>\/*! elementor - v3.6.5 - 27-04-2022 *\/\n.elementor-heading-title{padding:0;margin:0;line-height:1}.elementor-widget-heading .elementor-heading-title[class*=elementor-size-]>a{color:inherit;font-size:inherit;line-height:inherit}.elementor-widget-heading .elementor-heading-title.elementor-size-small{font-size:15px}.elementor-widget-heading .elementor-heading-title.elementor-size-medium{font-size:19px}.elementor-widget-heading .elementor-heading-title.elementor-size-large{font-size:29px}.elementor-widget-heading .elementor-heading-title.elementor-size-xl{font-size:39px}.elementor-widget-heading .elementor-heading-title.elementor-size-xxl{font-size:59px}<\/style><h2 class=\"elementor-heading-title elementor-size-default\">Kiralama<\/h2>\t\t<\/div>\n\t\t\t\t<\/div>\n\t\t\t\t\t<\/div>\n\t\t<\/div>\n\t\t\t\t\t\t\t<\/div>\n\t\t<\/section>\n\t\t\t\t<section class=\"elementor-section elementor-top-section elementor-element elementor-element-4969201 elementor-section-boxed elementor-section-height-default elementor-section-height-default\" data-id=\"4969201\" data-element_type=\"section\">\n\t\t\t\t\t\t<div class=\"elementor-container elementor-column-gap-default\">\n\t\t\t\t\t<div class=\"elementor-column elementor-col-50 elementor-top-column elementor-element elementor-element-4b400f6 elementor-invisible\" data-id=\"4b400f6\" data-element_type=\"column\" data-settings=\"{&quot;animation&quot;:&quot;slideInLeft&quot;}\">\n\t\t\t<div class=\"elementor-widget-wrap elementor-element-populated\">\n\t\t\t\t\t\t\t\t<div class=\"elementor-element elementor-element-9decffe elementor-widget elementor-widget-heading\" data-id=\"9decffe\" data-element_type=\"widget\" data-widget_type=\"heading.default\">\n\t\t\t\t<div class=\"elementor-widget-container\">\n\t\t\t<h2 class=\"elementor-heading-title elementor-size-default\">G\u00fcvenli\u011finiz \u0130\u00e7in G\u00fcvendi\u011finizi Se\u00e7in.<\/h2>\t\t<\/div>\n\t\t\t\t<\/div>\n\t\t\t\t<div class=\"elementor-element elementor-element-bd5d7d9 elementor-widget elementor-widget-text-editor\" data-id=\"bd5d7d9\" data-element_type=\"widget\" data-widget_type=\"text-editor.default\">\n\t\t\t\t<div class=\"elementor-widget-container\">\n\t\t\t<style>\/*! elementor - v3.6.5 - 27-04-2022 *\/\n.elementor-widget-text-editor.elementor-drop-cap-view-stacked .elementor-drop-cap{background-color:#818a91;color:#fff}.elementor-widget-text-editor.elementor-drop-cap-view-framed .elementor-drop-cap{color:#818a91;border:3px solid;background-color:transparent}.elementor-widget-text-editor:not(.elementor-drop-cap-view-default) .elementor-drop-cap{margin-top:8px}.elementor-widget-text-editor:not(.elementor-drop-cap-view-default) .elementor-drop-cap-letter{width:1em;height:1em}.elementor-widget-text-editor .elementor-drop-cap{float:left;text-align:center;line-height:1;font-size:50px}.elementor-widget-text-editor .elementor-drop-cap-letter{display:inline-block}<\/style>\t\t\t\t<p>BSS G\u00fcvenlik Sistemleri olarak; g\u00fcvenlik ve alan kontrol\u00fcne y\u00f6nelik ekipmanlar\u0131m\u0131z\u0131 k\u0131sa ve uzun s\u00fcreli kiralama se\u00e7enekleriyle sunuyoruz.<\/p><p><br \/>\u0130htiyac\u0131n\u0131za \u00f6zel \u00e7\u00f6z\u00fcmlerle, y\u00fcksek yat\u0131r\u0131m maliyetlerine girmeden profesyonel g\u00fcvenlik altyap\u0131s\u0131na h\u0131zl\u0131 ve kolay \u015fekilde sahip olabilirsiniz.<\/p>\t\t\t\t\t\t<\/div>\n\t\t\t\t<\/div>\n\t\t\t\t\t<\/div>\n\t\t<\/div>\n\t\t\t\t<div class=\"elementor-column elementor-col-50 elementor-top-column elementor-element elementor-element-881fff1 elementor-invisible\" data-id=\"881fff1\" data-element_type=\"column\" data-settings=\"{&quot;animation&quot;:&quot;slideInRight&quot;}\">\n\t\t\t<div class=\"elementor-widget-wrap elementor-element-populated\">\n\t\t\t\t\t\t\t\t<div class=\"elementor-element elementor-element-245454a elementor-widget elementor-widget-image\" data-id=\"245454a\" data-element_type=\"widget\" data-widget_type=\"image.default\">\n\t\t\t\t<div class=\"elementor-widget-container\">\n\t\t\t<style>\/*! elementor - v3.6.5 - 27-04-2022 *\/\n.elementor-widget-image{text-align:center}.elementor-widget-image a{display:inline-block}.elementor-widget-image a img[src$=\".svg\"]{width:48px}.elementor-widget-image img{vertical-align:middle;display:inline-block}<\/style>\t\t\t\t\t\t\t\t\t\t\t\t<img loading=\"lazy\" decoding=\"async\" width=\"800\" height=\"456\" src=\"https:\/\/bssguvenlik.com.tr\/wp-content\/uploads\/2026\/04\/kiralam-hizmetleri.png\" class=\"attachment-large size-large\" alt=\"\" srcset=\"https:\/\/bssguvenlik.com.tr\/wp-content\/uploads\/2026\/04\/kiralam-hizmetleri.png 999w, https:\/\/bssguvenlik.com.tr\/wp-content\/uploads\/2026\/04\/kiralam-hizmetleri-300x171.png 300w, https:\/\/bssguvenlik.com.tr\/wp-content\/uploads\/2026\/04\/kiralam-hizmetleri-768x438.png 768w\" sizes=\"auto, (max-width: 800px) 100vw, 800px\" \/>\t\t\t\t\t\t\t\t\t\t\t\t\t\t\t<\/div>\n\t\t\t\t<\/div>\n\t\t\t\t\t<\/div>\n\t\t<\/div>\n\t\t\t\t\t\t\t<\/div>\n\t\t<\/section>\n\t\t\t\t<section class=\"elementor-section elementor-top-section elementor-element elementor-element-199969f elementor-section-boxed elementor-section-height-default elementor-section-height-default elementor-invisible\" data-id=\"199969f\" data-element_type=\"section\" data-settings=\"{&quot;background_background&quot;:&quot;classic&quot;,&quot;animation&quot;:&quot;zoomInDown&quot;}\">\n\t\t\t\t\t\t<div class=\"elementor-container elementor-column-gap-default\">\n\t\t\t\t\t<div class=\"elementor-column elementor-col-50 elementor-top-column elementor-element elementor-element-943e262\" data-id=\"943e262\" data-element_type=\"column\">\n\t\t\t<div class=\"elementor-widget-wrap elementor-element-populated\">\n\t\t\t\t\t\t\t\t<div class=\"elementor-element elementor-element-827ec96 elementor-widget elementor-widget-heading\" data-id=\"827ec96\" data-element_type=\"widget\" data-widget_type=\"heading.default\">\n\t\t\t\t<div class=\"elementor-widget-container\">\n\t\t\t<h2 class=\"elementor-heading-title elementor-size-default\">Kiralama s\u00fcreci boyunca t\u00fcm operasyon BSS taraf\u0131ndan y\u00f6netilir<\/h2>\t\t<\/div>\n\t\t\t\t<\/div>\n\t\t\t\t\t<\/div>\n\t\t<\/div>\n\t\t\t\t<div class=\"elementor-column elementor-col-50 elementor-top-column elementor-element elementor-element-fada0c5\" data-id=\"fada0c5\" data-element_type=\"column\">\n\t\t\t<div class=\"elementor-widget-wrap elementor-element-populated\">\n\t\t\t\t\t\t\t\t<div class=\"elementor-element elementor-element-dcb9356 elementor-widget elementor-widget-text-editor\" data-id=\"dcb9356\" data-element_type=\"widget\" data-widget_type=\"text-editor.default\">\n\t\t\t\t<div class=\"elementor-widget-container\">\n\t\t\t\t\t\t\t<ul><li>Kurulum ve devreye alma<\/li><li>Yerinde teknik destek<\/li><li>Periyodik kontrol ve bak\u0131m<\/li><li>\u0130htiyaca g\u00f6re esnek kiralama s\u00fcresi<\/li><li>Kullan\u0131m Alanlar\u0131<\/li><\/ul>\t\t\t\t\t\t<\/div>\n\t\t\t\t<\/div>\n\t\t\t\t\t<\/div>\n\t\t<\/div>\n\t\t\t\t\t\t\t<\/div>\n\t\t<\/section>\n\t\t\t\t<section class=\"elementor-section elementor-top-section elementor-element elementor-element-2e71947 elementor-section-boxed elementor-section-height-default elementor-section-height-default\" data-id=\"2e71947\" data-element_type=\"section\">\n\t\t\t\t\t\t<div class=\"elementor-container elementor-column-gap-default\">\n\t\t\t\t\t<div class=\"elementor-column elementor-col-100 elementor-top-column elementor-element elementor-element-124f1d2\" data-id=\"124f1d2\" data-element_type=\"column\">\n\t\t\t<div class=\"elementor-widget-wrap elementor-element-populated\">\n\t\t\t\t\t\t\t\t<div class=\"elementor-element elementor-element-2aaeb19 elementor-widget elementor-widget-heading\" data-id=\"2aaeb19\" data-element_type=\"widget\" data-widget_type=\"heading.default\">\n\t\t\t\t<div class=\"elementor-widget-container\">\n\t\t\t<h2 class=\"elementor-heading-title elementor-size-default\">Kullan\u0131m Alanlar\u0131<\/h2>\t\t<\/div>\n\t\t\t\t<\/div>\n\t\t\t\t\t<\/div>\n\t\t<\/div>\n\t\t\t\t\t\t\t<\/div>\n\t\t<\/section>\n\t\t\t\t<section class=\"elementor-section elementor-top-section elementor-element elementor-element-ccb7c4e elementor-section-boxed elementor-section-height-default elementor-section-height-default\" data-id=\"ccb7c4e\" data-element_type=\"section\">\n\t\t\t\t\t\t<div class=\"elementor-container elementor-column-gap-default\">\n\t\t\t\t\t<div class=\"elementor-column elementor-col-20 elementor-top-column elementor-element elementor-element-2104f53 elementor-invisible\" data-id=\"2104f53\" data-element_type=\"column\" data-settings=\"{&quot;animation&quot;:&quot;slideInUp&quot;}\">\n\t\t\t<div class=\"elementor-widget-wrap elementor-element-populated\">\n\t\t\t\t\t\t\t\t<div class=\"elementor-element elementor-element-673b419 elementor-widget elementor-widget-image\" data-id=\"673b419\" data-element_type=\"widget\" data-widget_type=\"image.default\">\n\t\t\t\t<div class=\"elementor-widget-container\">\n\t\t\t\t\t\t\t\t\t\t\t\t\t\t\t<img loading=\"lazy\" decoding=\"async\" width=\"600\" height=\"600\" src=\"https:\/\/bssguvenlik.com.tr\/wp-content\/uploads\/2026\/04\/2-1.png\" class=\"attachment-large size-large\" alt=\"\" srcset=\"https:\/\/bssguvenlik.com.tr\/wp-content\/uploads\/2026\/04\/2-1.png 600w, https:\/\/bssguvenlik.com.tr\/wp-content\/uploads\/2026\/04\/2-1-300x300.png 300w, https:\/\/bssguvenlik.com.tr\/wp-content\/uploads\/2026\/04\/2-1-150x150.png 150w\" sizes=\"auto, (max-width: 600px) 100vw, 600px\" \/>\t\t\t\t\t\t\t\t\t\t\t\t\t\t\t<\/div>\n\t\t\t\t<\/div>\n\t\t\t\t\t<\/div>\n\t\t<\/div>\n\t\t\t\t<div class=\"elementor-column elementor-col-20 elementor-top-column elementor-element elementor-element-55f5b48 elementor-invisible\" data-id=\"55f5b48\" data-element_type=\"column\" data-settings=\"{&quot;animation&quot;:&quot;slideInUp&quot;}\">\n\t\t\t<div class=\"elementor-widget-wrap elementor-element-populated\">\n\t\t\t\t\t\t\t\t<div class=\"elementor-element elementor-element-9a38034 elementor-widget elementor-widget-image\" data-id=\"9a38034\" data-element_type=\"widget\" data-widget_type=\"image.default\">\n\t\t\t\t<div class=\"elementor-widget-container\">\n\t\t\t\t\t\t\t\t\t\t\t\t\t\t\t<img loading=\"lazy\" decoding=\"async\" width=\"600\" height=\"600\" src=\"https:\/\/bssguvenlik.com.tr\/wp-content\/uploads\/2026\/04\/3-2.png\" class=\"attachment-large size-large\" alt=\"\" srcset=\"https:\/\/bssguvenlik.com.tr\/wp-content\/uploads\/2026\/04\/3-2.png 600w, https:\/\/bssguvenlik.com.tr\/wp-content\/uploads\/2026\/04\/3-2-300x300.png 300w, https:\/\/bssguvenlik.com.tr\/wp-content\/uploads\/2026\/04\/3-2-150x150.png 150w\" sizes=\"auto, (max-width: 600px) 100vw, 600px\" \/>\t\t\t\t\t\t\t\t\t\t\t\t\t\t\t<\/div>\n\t\t\t\t<\/div>\n\t\t\t\t\t<\/div>\n\t\t<\/div>\n\t\t\t\t<div class=\"elementor-column elementor-col-20 elementor-top-column elementor-element elementor-element-854446c elementor-invisible\" data-id=\"854446c\" data-element_type=\"column\" data-settings=\"{&quot;animation&quot;:&quot;slideInUp&quot;}\">\n\t\t\t<div class=\"elementor-widget-wrap elementor-element-populated\">\n\t\t\t\t\t\t\t\t<div class=\"elementor-element elementor-element-c99f574 elementor-widget elementor-widget-image\" data-id=\"c99f574\" data-element_type=\"widget\" data-widget_type=\"image.default\">\n\t\t\t\t<div class=\"elementor-widget-container\">\n\t\t\t\t\t\t\t\t\t\t\t\t\t\t\t<img loading=\"lazy\" decoding=\"async\" width=\"600\" height=\"600\" src=\"https:\/\/bssguvenlik.com.tr\/wp-content\/uploads\/2026\/04\/1-3.png\" class=\"attachment-large size-large\" alt=\"\" srcset=\"https:\/\/bssguvenlik.com.tr\/wp-content\/uploads\/2026\/04\/1-3.png 600w, https:\/\/bssguvenlik.com.tr\/wp-content\/uploads\/2026\/04\/1-3-300x300.png 300w, https:\/\/bssguvenlik.com.tr\/wp-content\/uploads\/2026\/04\/1-3-150x150.png 150w\" sizes=\"auto, (max-width: 600px) 100vw, 600px\" \/>\t\t\t\t\t\t\t\t\t\t\t\t\t\t\t<\/div>\n\t\t\t\t<\/div>\n\t\t\t\t\t<\/div>\n\t\t<\/div>\n\t\t\t\t<div class=\"elementor-column elementor-col-20 elementor-top-column elementor-element elementor-element-5fe5045 elementor-invisible\" data-id=\"5fe5045\" data-element_type=\"column\" data-settings=\"{&quot;animation&quot;:&quot;slideInUp&quot;}\">\n\t\t\t<div class=\"elementor-widget-wrap elementor-element-populated\">\n\t\t\t\t\t\t\t\t<div class=\"elementor-element elementor-element-7809686 elementor-widget elementor-widget-image\" data-id=\"7809686\" data-element_type=\"widget\" data-widget_type=\"image.default\">\n\t\t\t\t<div class=\"elementor-widget-container\">\n\t\t\t\t\t\t\t\t\t\t\t\t\t\t\t<img loading=\"lazy\" decoding=\"async\" width=\"600\" height=\"600\" src=\"https:\/\/bssguvenlik.com.tr\/wp-content\/uploads\/2026\/04\/4-2.png\" class=\"attachment-large size-large\" alt=\"\" srcset=\"https:\/\/bssguvenlik.com.tr\/wp-content\/uploads\/2026\/04\/4-2.png 600w, https:\/\/bssguvenlik.com.tr\/wp-content\/uploads\/2026\/04\/4-2-300x300.png 300w, https:\/\/bssguvenlik.com.tr\/wp-content\/uploads\/2026\/04\/4-2-150x150.png 150w\" sizes=\"auto, (max-width: 600px) 100vw, 600px\" \/>\t\t\t\t\t\t\t\t\t\t\t\t\t\t\t<\/div>\n\t\t\t\t<\/div>\n\t\t\t\t\t<\/div>\n\t\t<\/div>\n\t\t\t\t<div class=\"elementor-column elementor-col-20 elementor-top-column elementor-element elementor-element-489b708 elementor-invisible\" data-id=\"489b708\" data-element_type=\"column\" data-settings=\"{&quot;animation&quot;:&quot;slideInUp&quot;}\">\n\t\t\t<div class=\"elementor-widget-wrap elementor-element-populated\">\n\t\t\t\t\t\t\t\t<div class=\"elementor-element elementor-element-2be2a4b elementor-widget elementor-widget-image\" data-id=\"2be2a4b\" data-element_type=\"widget\" data-widget_type=\"image.default\">\n\t\t\t\t<div class=\"elementor-widget-container\">\n\t\t\t\t\t\t\t\t\t\t\t\t\t\t\t<img loading=\"lazy\" decoding=\"async\" width=\"600\" height=\"600\" src=\"https:\/\/bssguvenlik.com.tr\/wp-content\/uploads\/2026\/04\/5-2.png\" class=\"attachment-large size-large\" alt=\"\" srcset=\"https:\/\/bssguvenlik.com.tr\/wp-content\/uploads\/2026\/04\/5-2.png 600w, https:\/\/bssguvenlik.com.tr\/wp-content\/uploads\/2026\/04\/5-2-300x300.png 300w, https:\/\/bssguvenlik.com.tr\/wp-content\/uploads\/2026\/04\/5-2-150x150.png 150w\" sizes=\"auto, (max-width: 600px) 100vw, 600px\" \/>\t\t\t\t\t\t\t\t\t\t\t\t\t\t\t<\/div>\n\t\t\t\t<\/div>\n\t\t\t\t\t<\/div>\n\t\t<\/div>\n\t\t\t\t\t\t\t<\/div>\n\t\t<\/section>\n\t\t\t\t\t\t\t<\/div>\n\t\t","protected":false},"excerpt":{"rendered":"<p>G\u00fcvenli\u011finiz \u0130\u00e7in G\u00fcvendi\u011finizi Se\u00e7in. BSS G\u00fcvenlik Sistemleri olarak; g\u00fcvenlik ve alan kontrol\u00fcne y\u00f6nelik ekipmanlar\u0131m\u0131z\u0131 k\u0131sa ve uzun s\u00fcreli kiralama se\u00e7enekleriyle sunuyoruz. \u0130htiyac\u0131n\u0131za \u00f6zel \u00e7\u00f6z\u00fcmlerle, y\u00fcksek yat\u0131r\u0131m maliyetlerine girmeden profesyonel g\u00fcvenlik altyap\u0131s\u0131na h\u0131zl\u0131 ve kolay \u015fekilde sahip olabilirsiniz. Kiralama s\u00fcreci boyunca t\u00fcm operasyon BSS taraf\u0131ndan y\u00f6netilir Kurulum ve devreye alma Yerinde teknik destek Periyodik kontrol ve [&hellip;]<\/p>\n","protected":false},"author":3,"featured_media":0,"parent":12,"menu_order":0,"comment_status":"closed","ping_status":"closed","template":"elementor_header_footer","meta":{"_joinchat":[],"footnotes":""},"class_list":["post-124","page","type-page","status-publish","hentry"],"yoast_head":"<!-- This site is optimized with the Yoast SEO plugin v27.4 - https:\/\/yoast.com\/product\/yoast-seo-wordpress\/ -->\n<title>Kiralama - BSS G\u00fcvenlik Sistemleri<\/title>\n<meta name=\"robots\" content=\"index, follow, max-snippet:-1, max-image-preview:large, max-video-preview:-1\" \/>\n<link rel=\"canonical\" href=\"https:\/\/bssguvenlik.com.tr\/en\/hizmetlerimiz\/kiralama\/\" \/>\n<meta property=\"og:locale\" content=\"en_GB\" \/>\n<meta property=\"og:type\" content=\"article\" \/>\n<meta property=\"og:title\" content=\"Kiralama - BSS G\u00fcvenlik Sistemleri\" \/>\n<meta property=\"og:description\" content=\"G\u00fcvenli\u011finiz \u0130\u00e7in G\u00fcvendi\u011finizi Se\u00e7in. BSS G\u00fcvenlik Sistemleri olarak; g\u00fcvenlik ve alan kontrol\u00fcne y\u00f6nelik ekipmanlar\u0131m\u0131z\u0131 k\u0131sa ve uzun s\u00fcreli kiralama se\u00e7enekleriyle sunuyoruz. \u0130htiyac\u0131n\u0131za \u00f6zel \u00e7\u00f6z\u00fcmlerle, y\u00fcksek yat\u0131r\u0131m maliyetlerine girmeden profesyonel g\u00fcvenlik altyap\u0131s\u0131na h\u0131zl\u0131 ve kolay \u015fekilde sahip olabilirsiniz. Kiralama s\u00fcreci boyunca t\u00fcm operasyon BSS taraf\u0131ndan y\u00f6netilir Kurulum ve devreye alma Yerinde teknik destek Periyodik kontrol ve [&hellip;]\" \/>\n<meta property=\"og:url\" content=\"https:\/\/bssguvenlik.com.tr\/en\/hizmetlerimiz\/kiralama\/\" \/>\n<meta property=\"og:site_name\" content=\"BSS G\u00fcvenlik Sistemleri\" \/>\n<meta property=\"article:modified_time\" content=\"2026-04-20T14:09:16+00:00\" \/>\n<meta property=\"og:image\" content=\"https:\/\/bssguvenlik.com.tr\/wp-content\/uploads\/2026\/04\/kiralam-hizmetleri.png\" \/>\n<meta name=\"twitter:card\" content=\"summary_large_image\" \/>\n<script type=\"application\/ld+json\" class=\"yoast-schema-graph\">{\"@context\":\"https:\\\/\\\/schema.org\",\"@graph\":[{\"@type\":\"WebPage\",\"@id\":\"https:\\\/\\\/bssguvenlik.com.tr\\\/hizmetlerimiz\\\/kiralama\\\/\",\"url\":\"https:\\\/\\\/bssguvenlik.com.tr\\\/hizmetlerimiz\\\/kiralama\\\/\",\"name\":\"Kiralama - BSS G\u00fcvenlik Sistemleri\",\"isPartOf\":{\"@id\":\"https:\\\/\\\/bssguvenlik.com.tr\\\/#website\"},\"primaryImageOfPage\":{\"@id\":\"https:\\\/\\\/bssguvenlik.com.tr\\\/hizmetlerimiz\\\/kiralama\\\/#primaryimage\"},\"image\":{\"@id\":\"https:\\\/\\\/bssguvenlik.com.tr\\\/hizmetlerimiz\\\/kiralama\\\/#primaryimage\"},\"thumbnailUrl\":\"https:\\\/\\\/bssguvenlik.com.tr\\\/wp-content\\\/uploads\\\/2026\\\/04\\\/kiralam-hizmetleri.png\",\"datePublished\":\"2019-01-31T12:14:31+00:00\",\"dateModified\":\"2026-04-20T14:09:16+00:00\",\"breadcrumb\":{\"@id\":\"https:\\\/\\\/bssguvenlik.com.tr\\\/hizmetlerimiz\\\/kiralama\\\/#breadcrumb\"},\"inLanguage\":\"en-GB\",\"potentialAction\":[{\"@type\":\"ReadAction\",\"target\":[\"https:\\\/\\\/bssguvenlik.com.tr\\\/hizmetlerimiz\\\/kiralama\\\/\"]}]},{\"@type\":\"ImageObject\",\"inLanguage\":\"en-GB\",\"@id\":\"https:\\\/\\\/bssguvenlik.com.tr\\\/hizmetlerimiz\\\/kiralama\\\/#primaryimage\",\"url\":\"https:\\\/\\\/bssguvenlik.com.tr\\\/wp-content\\\/uploads\\\/2026\\\/04\\\/kiralam-hizmetleri.png\",\"contentUrl\":\"https:\\\/\\\/bssguvenlik.com.tr\\\/wp-content\\\/uploads\\\/2026\\\/04\\\/kiralam-hizmetleri.png\"},{\"@type\":\"BreadcrumbList\",\"@id\":\"https:\\\/\\\/bssguvenlik.com.tr\\\/hizmetlerimiz\\\/kiralama\\\/#breadcrumb\",\"itemListElement\":[{\"@type\":\"ListItem\",\"position\":1,\"name\":\"Anasayfa\",\"item\":\"https:\\\/\\\/bssguvenlik.com.tr\\\/\"},{\"@type\":\"ListItem\",\"position\":2,\"name\":\"Hizmetlerimiz\",\"item\":\"https:\\\/\\\/bssguvenlik.com.tr\\\/hizmetlerimiz\\\/\"},{\"@type\":\"ListItem\",\"position\":3,\"name\":\"Kiralama\"}]},{\"@type\":\"WebSite\",\"@id\":\"https:\\\/\\\/bssguvenlik.com.tr\\\/#website\",\"url\":\"https:\\\/\\\/bssguvenlik.com.tr\\\/\",\"name\":\"BSS G\u00fcvenlik Sistemleri\",\"description\":\"X-Ray Cihazlar\u0131, Metal Kap\u0131 Dedekt\u00f6rleri, Ara\u00e7 Tarama Cihazlar\u0131\",\"publisher\":{\"@id\":\"https:\\\/\\\/bssguvenlik.com.tr\\\/#organization\"},\"potentialAction\":[{\"@type\":\"SearchAction\",\"target\":{\"@type\":\"EntryPoint\",\"urlTemplate\":\"https:\\\/\\\/bssguvenlik.com.tr\\\/?s={search_term_string}\"},\"query-input\":{\"@type\":\"PropertyValueSpecification\",\"valueRequired\":true,\"valueName\":\"search_term_string\"}}],\"inLanguage\":\"en-GB\"},{\"@type\":\"Organization\",\"@id\":\"https:\\\/\\\/bssguvenlik.com.tr\\\/#organization\",\"name\":\"BSS G\u00fcvenlik Sistemleri\",\"url\":\"https:\\\/\\\/bssguvenlik.com.tr\\\/\",\"logo\":{\"@type\":\"ImageObject\",\"inLanguage\":\"en-GB\",\"@id\":\"https:\\\/\\\/bssguvenlik.com.tr\\\/#\\\/schema\\\/logo\\\/image\\\/\",\"url\":\"https:\\\/\\\/bssguvenlik.com.tr\\\/wp-content\\\/uploads\\\/2026\\\/03\\\/logo-turuncu.png\",\"contentUrl\":\"https:\\\/\\\/bssguvenlik.com.tr\\\/wp-content\\\/uploads\\\/2026\\\/03\\\/logo-turuncu.png\",\"width\":388,\"height\":238,\"caption\":\"BSS G\u00fcvenlik Sistemleri\"},\"image\":{\"@id\":\"https:\\\/\\\/bssguvenlik.com.tr\\\/#\\\/schema\\\/logo\\\/image\\\/\"}}]}<\/script>\n<!-- \/ Yoast SEO plugin. -->","yoast_head_json":{"title":"Kiralama - BSS G\u00fcvenlik Sistemleri","robots":{"index":"index","follow":"follow","max-snippet":"max-snippet:-1","max-image-preview":"max-image-preview:large","max-video-preview":"max-video-preview:-1"},"canonical":"https:\/\/bssguvenlik.com.tr\/en\/hizmetlerimiz\/kiralama\/","og_locale":"en_GB","og_type":"article","og_title":"Kiralama - BSS G\u00fcvenlik Sistemleri","og_description":"G\u00fcvenli\u011finiz \u0130\u00e7in G\u00fcvendi\u011finizi Se\u00e7in. BSS G\u00fcvenlik Sistemleri olarak; g\u00fcvenlik ve alan kontrol\u00fcne y\u00f6nelik ekipmanlar\u0131m\u0131z\u0131 k\u0131sa ve uzun s\u00fcreli kiralama se\u00e7enekleriyle sunuyoruz. \u0130htiyac\u0131n\u0131za \u00f6zel \u00e7\u00f6z\u00fcmlerle, y\u00fcksek yat\u0131r\u0131m maliyetlerine girmeden profesyonel g\u00fcvenlik altyap\u0131s\u0131na h\u0131zl\u0131 ve kolay \u015fekilde sahip olabilirsiniz. Kiralama s\u00fcreci boyunca t\u00fcm operasyon BSS taraf\u0131ndan y\u00f6netilir Kurulum ve devreye alma Yerinde teknik destek Periyodik kontrol ve [&hellip;]","og_url":"https:\/\/bssguvenlik.com.tr\/en\/hizmetlerimiz\/kiralama\/","og_site_name":"BSS G\u00fcvenlik Sistemleri","article_modified_time":"2026-04-20T14:09:16+00:00","og_image":[{"url":"https:\/\/bssguvenlik.com.tr\/wp-content\/uploads\/2026\/04\/kiralam-hizmetleri.png","type":"","width":"","height":""}],"twitter_card":"summary_large_image","schema":{"@context":"https:\/\/schema.org","@graph":[{"@type":"WebPage","@id":"https:\/\/bssguvenlik.com.tr\/hizmetlerimiz\/kiralama\/","url":"https:\/\/bssguvenlik.com.tr\/hizmetlerimiz\/kiralama\/","name":"Kiralama - BSS G\u00fcvenlik Sistemleri","isPartOf":{"@id":"https:\/\/bssguvenlik.com.tr\/#website"},"primaryImageOfPage":{"@id":"https:\/\/bssguvenlik.com.tr\/hizmetlerimiz\/kiralama\/#primaryimage"},"image":{"@id":"https:\/\/bssguvenlik.com.tr\/hizmetlerimiz\/kiralama\/#primaryimage"},"thumbnailUrl":"https:\/\/bssguvenlik.com.tr\/wp-content\/uploads\/2026\/04\/kiralam-hizmetleri.png","datePublished":"2019-01-31T12:14:31+00:00","dateModified":"2026-04-20T14:09:16+00:00","breadcrumb":{"@id":"https:\/\/bssguvenlik.com.tr\/hizmetlerimiz\/kiralama\/#breadcrumb"},"inLanguage":"en-GB","potentialAction":[{"@type":"ReadAction","target":["https:\/\/bssguvenlik.com.tr\/hizmetlerimiz\/kiralama\/"]}]},{"@type":"ImageObject","inLanguage":"en-GB","@id":"https:\/\/bssguvenlik.com.tr\/hizmetlerimiz\/kiralama\/#primaryimage","url":"https:\/\/bssguvenlik.com.tr\/wp-content\/uploads\/2026\/04\/kiralam-hizmetleri.png","contentUrl":"https:\/\/bssguvenlik.com.tr\/wp-content\/uploads\/2026\/04\/kiralam-hizmetleri.png"},{"@type":"BreadcrumbList","@id":"https:\/\/bssguvenlik.com.tr\/hizmetlerimiz\/kiralama\/#breadcrumb","itemListElement":[{"@type":"ListItem","position":1,"name":"Anasayfa","item":"https:\/\/bssguvenlik.com.tr\/"},{"@type":"ListItem","position":2,"name":"Hizmetlerimiz","item":"https:\/\/bssguvenlik.com.tr\/hizmetlerimiz\/"},{"@type":"ListItem","position":3,"name":"Kiralama"}]},{"@type":"WebSite","@id":"https:\/\/bssguvenlik.com.tr\/#website","url":"https:\/\/bssguvenlik.com.tr\/","name":"Wellcome to","description":"X-Ray Cihazlar\u0131, Metal Kap\u0131 Dedekt\u00f6rleri, Ara\u00e7 Tarama Cihazlar\u0131","publisher":{"@id":"https:\/\/bssguvenlik.com.tr\/#organization"},"potentialAction":[{"@type":"SearchAction","target":{"@type":"EntryPoint","urlTemplate":"https:\/\/bssguvenlik.com.tr\/?s={search_term_string}"},"query-input":{"@type":"PropertyValueSpecification","valueRequired":true,"valueName":"search_term_string"}}],"inLanguage":"en-GB"},{"@type":"Organization","@id":"https:\/\/bssguvenlik.com.tr\/#organization","name":"Wellcome to","url":"https:\/\/bssguvenlik.com.tr\/","logo":{"@type":"ImageObject","inLanguage":"en-GB","@id":"https:\/\/bssguvenlik.com.tr\/#\/schema\/logo\/image\/","url":"https:\/\/bssguvenlik.com.tr\/wp-content\/uploads\/2026\/03\/logo-turuncu.png","contentUrl":"https:\/\/bssguvenlik.com.tr\/wp-content\/uploads\/2026\/03\/logo-turuncu.png","width":388,"height":238,"caption":"BSS G\u00fcvenlik Sistemleri"},"image":{"@id":"https:\/\/bssguvenlik.com.tr\/#\/schema\/logo\/image\/"}}]}},"_links":{"self":[{"href":"https:\/\/bssguvenlik.com.tr\/en\/wp-json\/wp\/v2\/pages\/124","targetHints":{"allow":["GET"]}}],"collection":[{"href":"https:\/\/bssguvenlik.com.tr\/en\/wp-json\/wp\/v2\/pages"}],"about":[{"href":"https:\/\/bssguvenlik.com.tr\/en\/wp-json\/wp\/v2\/types\/page"}],"author":[{"embeddable":true,"href":"https:\/\/bssguvenlik.com.tr\/en\/wp-json\/wp\/v2\/users\/3"}],"replies":[{"embeddable":true,"href":"https:\/\/bssguvenlik.com.tr\/en\/wp-json\/wp\/v2\/comments?post=124"}],"version-history":[{"count":7,"href":"https:\/\/bssguvenlik.com.tr\/en\/wp-json\/wp\/v2\/pages\/124\/revisions"}],"predecessor-version":[{"id":725,"href":"https:\/\/bssguvenlik.com.tr\/en\/wp-json\/wp\/v2\/pages\/124\/revisions\/725"}],"up":[{"embeddable":true,"href":"https:\/\/bssguvenlik.com.tr\/en\/wp-json\/wp\/v2\/pages\/12"}],"wp:attachment":[{"href":"https:\/\/bssguvenlik.com.tr\/en\/wp-json\/wp\/v2\/media?parent=124"}],"curies":[{"name":"wp","href":"https:\/\/api.w.org\/{rel}","templated":true}]}}